{"id":4671,"date":"2025-05-09T11:30:19","date_gmt":"2025-05-09T11:30:19","guid":{"rendered":"https:\/\/lisbon-family.com\/?page_id=4671"},"modified":"2025-05-21T12:09:05","modified_gmt":"2025-05-21T12:09:05","slug":"horario-de-apertura-del-oceanario","status":"publish","type":"page","link":"https:\/\/lisbon-family.com\/es\/ozeanarium-offnungszeiten\/","title":{"rendered":"Oceanario de Lisboa - Horario de apertura"},"content":{"rendered":"<p>En este art\u00edculo examinamos los horarios de apertura del Oceanario de Lisboa. \u00bfCu\u00e1les son los horarios de apertura? \u00bfCu\u00e1ndo cierra el Oceanario? \u00bfEst\u00e1 abierto los d\u00edas festivos? \u00bfCu\u00e1l es el mejor momento para visitarlo?<\/p>\n\n\n\n<p>Puede encontrar toda la informaci\u00f3n aqu\u00ed.<\/p>\n\n\n\n<h2 class=\"wp-block-heading\">Horario de apertura del Oceanario de Lisboa<\/h2>\n\n\n\n<p>El Oceanario est\u00e1 abierto todos los d\u00edas. Est\u00e1 abierto los 365 d\u00edas del a\u00f1o. Debido al elevado n\u00famero de visitantes, no hay necesidad de cerrar el Oceanario.<\/p>\n\n\n\n<p>El cuidado y mantenimiento de los animales es otra de las razones por las que el Oceanario no puede permanecer cerrado ni un solo d\u00eda del a\u00f1o.<\/p>\n\n\n\n<p>M\u00e1s abajo en el texto se enterar\u00e1 de que los horarios de apertura son limitados en algunos d\u00edas especiales del a\u00f1o.<\/p>\n\n\n\n<p>&gt; <strong>Horario de invierno<\/strong> (Del 1 de noviembre al 31 de marzo): Abierto todos los d\u00edas de 10 a 19 h (\u00faltima entrada a las 18 h).<\/p>\n\n\n\n<p>&gt; <strong>Horario de verano<\/strong> (del 1 de abril al 31 de octubre): Abierto todos los d\u00edas de 10 a 20 h (\u00faltima entrada a las 19 h).<\/p>\n\n\n\n<hr class=\"wp-block-separator has-alpha-channel-opacity\"\/>\n\n\n\n<h2 class=\"wp-block-heading\">\u00bfEst\u00e1 abierto el Oceanario los d\u00edas festivos?<\/h2>\n\n\n\n<p>S\u00ed, el Oceanario est\u00e1 abierto los d\u00edas festivos. Por supuesto, muchos turistas vienen a Lisboa en estos d\u00edas. No obstante, algunos d\u00edas el horario de apertura puede diferir del habitual.<\/p>\n\n\n<center><div data-tiqets-widget=\"availability\" data-layout=\"full\" data-orientation=\"horizontal\" data-product-id=\"975260\" data-language=\"en\" data-partner=\"lisbonfamily\"><\/div><script defer src=\"https:\/\/widgets.tiqets.com\/loader.js\"><\/script><\/center>\n\n\n<p>Aqu\u00ed encontrar\u00e1 una lista de los horarios de apertura vigentes en d\u00edas festivos especiales.<\/p>\n\n\n\n<p><strong>24 y 31 de diciembre: Abierto de 10 a 19 h (\u00faltima entrada a las 18 h).<\/strong><\/p>\n\n\n\n<p><strong>25 de diciembre: Abierto de 11 a 20 h (\u00faltima entrada a las 19 h).<\/strong><\/p>\n\n\n\n<p><strong>1 de enero: Abierto de 11.00 a 20.00 horas (\u00faltima entrada a las 19.00 horas).<\/strong><\/p>\n\n\n\n<hr class=\"wp-block-separator has-alpha-channel-opacity\"\/>\n\n\n\n<h2 class=\"wp-block-heading\">\u00bfEst\u00e1 abierto el Oceanario tambi\u00e9n en invierno?<\/h2>\n\n\n<div class=\"wp-block-image\">\n<figure class=\"aligncenter size-large\"><img loading=\"lazy\" decoding=\"async\" width=\"1024\" height=\"683\" src=\"https:\/\/lisbon-family.com\/wp-content\/uploads\/2025\/04\/lisbon03-3-1024x683.jpg\" alt=\"\" class=\"wp-image-4549\" srcset=\"https:\/\/lisbon-family.com\/wp-content\/uploads\/2025\/04\/lisbon03-3-1024x683.jpg 1024w, https:\/\/lisbon-family.com\/wp-content\/uploads\/2025\/04\/lisbon03-3-300x200.jpg 300w, https:\/\/lisbon-family.com\/wp-content\/uploads\/2025\/04\/lisbon03-3-768x512.jpg 768w, https:\/\/lisbon-family.com\/wp-content\/uploads\/2025\/04\/lisbon03-3.jpg 1280w\" sizes=\"(max-width: 1024px) 100vw, 1024px\" \/><\/figure>\n<\/div>\n\n\n<p>S\u00ed, s\u00e9 lo que est\u00e1 pensando, y es cierto que algunos parques de atracciones cierran a los ni\u00f1os en invierno. Es una pregunta v\u00e1lida. Pero eso no se aplica al Oceanario. Est\u00e1 abierto todo el a\u00f1o, \u00a1incluso en invierno!<\/p>\n\n\n\n<p>Sin embargo, el Oceanario s\u00f3lo est\u00e1 abierto hasta las 19.00 horas, la \u00faltima admisi\u00f3n es a las 18.00 horas.<\/p>\n\n\n\n<hr class=\"wp-block-separator has-alpha-channel-opacity\"\/>\n\n\n\n<h2 class=\"wp-block-heading\">\u00bfCu\u00e1ndo es el mejor momento para visitar el acuario?<\/h2>\n\n\n\n<p>La mejor hora para visitar el acuario es sin duda por la ma\u00f1ana. Hay dos razones principales para ello. En primer lugar, entonces no est\u00e1 tan abarrotado.<\/p>\n\n\n\n<p>Con una entrada en l\u00ednea puede, por supuesto, saltarse la cola, as\u00ed que puede que no le parezca un punto importante, pero toda la visita es mucho m\u00e1s agradable cuando el Oceanario no est\u00e1 tan abarrotado.<\/p>\n\n\n\n<p>En segundo lugar, el d\u00eda a\u00fan es joven y la receptividad del cerebro es mucho mayor a esta hora. \u00a1Los ni\u00f1os est\u00e1n frescos al empezar el d\u00eda y llenos de entusiasmo por aprender m\u00e1s sobre los cientos de criaturas marinas que hay aqu\u00ed!<\/p>\n\n\n\n<p>El \u00faltimo punto es opcional, pero los restaurantes del Oceanario hacen m\u00e1s hincapi\u00e9 en el almuerzo que en la cena. As\u00ed que si el desayuno no fue suficiente, \u00a1puede sorprender a los ni\u00f1os con un delicioso almuerzo despu\u00e9s de la visita!<\/p>\n\n\n\n<hr class=\"wp-block-separator has-alpha-channel-opacity\"\/>\n\n\n\n<h2 class=\"wp-block-heading\">\u00bfCu\u00e1l es el mejor d\u00eda para visitar el Oceanario?<\/h2>\n\n\n\n<p>El mejor d\u00eda para visitar el Oceanario es entre semana. No hace falta decirlo. Durante la semana, son sobre todo los turistas los que van all\u00ed. El fin de semana, por supuesto, muchos lisboetas y habitantes de las ciudades de los alrededores tambi\u00e9n acuden a visitar el acuario.<\/p>\n\n\n\n<p>As\u00ed que sin duda recomendar\u00eda visitar el Oceanario un lunes, martes o mi\u00e9rcoles si tiene la oportunidad y est\u00e1 en Lisboa en esos d\u00edas.<\/p>\n\n\n<div class=\"wp-block-image\">\n<figure class=\"aligncenter size-large\"><img loading=\"lazy\" decoding=\"async\" width=\"1024\" height=\"682\" src=\"https:\/\/lisbon-family.com\/wp-content\/uploads\/2025\/04\/lisbon04-2-1024x682.jpg\" alt=\"\" class=\"wp-image-4550\" srcset=\"https:\/\/lisbon-family.com\/wp-content\/uploads\/2025\/04\/lisbon04-2-1024x682.jpg 1024w, https:\/\/lisbon-family.com\/wp-content\/uploads\/2025\/04\/lisbon04-2-300x200.jpg 300w, https:\/\/lisbon-family.com\/wp-content\/uploads\/2025\/04\/lisbon04-2-768x512.jpg 768w, https:\/\/lisbon-family.com\/wp-content\/uploads\/2025\/04\/lisbon04-2.jpg 1280w\" sizes=\"(max-width: 1024px) 100vw, 1024px\" \/><\/figure>\n<\/div>\n\n\n<p>Otros d\u00edas que deber\u00eda evitar son los festivos. Como es probable que el Oceanario est\u00e9 abierto los d\u00edas festivos y acudan muchos visitantes, tambi\u00e9n deber\u00eda evitar estos d\u00edas, ya que el Oceanario est\u00e1 muy lleno esos d\u00edas.<\/p>\n\n\n\n<hr class=\"wp-block-separator has-alpha-channel-opacity\"\/>\n\n\n\n<h2 class=\"wp-block-heading\">\u00bfCu\u00e1l es la mejor \u00e9poca del a\u00f1o para visitar el acuario?<\/h2>\n\n\n\n<p>Sin duda recomendar\u00eda una visita al acuario en oto\u00f1o, invierno o primavera. No hay que subestimar el clima de Lisboa. S\u00ed, est\u00e1 en el sur de Portugal, pero es atl\u00e1ntico, as\u00ed que a\u00fan puede hacer un poco de fr\u00edo en primavera u oto\u00f1o. \u00bfCu\u00e1les son las mejores cosas que hacer cuando hace fr\u00edo y llueve?<\/p>\n\n\n\n<p>S\u00ed, \u00a1vaya al acuario! Aqu\u00ed toda la familia encontrar\u00e1 un ambiente estupendo con temperaturas agradables. Como ya se ha mencionado, no tiene que salir al exterior, \u00a1porque hay dos agradables restaurantes en el acuario!<\/p>\n\n\n\n<p>En invierno, \u00a1el acuario es, por supuesto, la atracci\u00f3n n\u00famero 1 de Lisboa! Las temperaturas no son adecuadas para una visita al aire libre, \u00a1as\u00ed que el acuario ofrece una experiencia interior realmente agradable!<\/p>\n\n\n\n<hr class=\"wp-block-separator has-alpha-channel-opacity\"\/>\n\n\n\n<h2 class=\"wp-block-heading\">\u00bfCu\u00e1nto dura una visita al Oceanario de Lisboa?<\/h2>\n\n\n\n<p>Por supuesto, \u00a1esto depende totalmente de c\u00f3mo visite el oceanario! Si viaja solo, en pareja o con adultos, \u00a1yo planificar\u00eda entre 1 hora y 1 hora y 30 minutos para visitar todo el acuario!<\/p>\n\n\n\n<p>Si viene con ni\u00f1os, yo planificar\u00eda de 2 a 3 horas. Al fin y al cabo, quiere que sus hijos aprendan lo m\u00e1ximo posible mientras est\u00e1n all\u00ed. Es posible que necesiten m\u00e1s tiempo para entender las explicaciones y acabar descubriendo todos los peces diferentes que hay en el mar.<\/p>\n\n\n<center><div data-tiqets-widget=\"availability\" data-layout=\"full\" data-orientation=\"horizontal\" data-product-id=\"975260\" data-language=\"en\" data-partner=\"lisbonfamily\"><\/div><script defer src=\"https:\/\/widgets.tiqets.com\/loader.js\"><\/script><\/center>\n\n\n<p>Por favor, tenga en cuenta todos los factores posibles. Puede que los ni\u00f1os necesiten ir al ba\u00f1o o necesiten un descanso. \u00a1Ya sabe c\u00f3mo es esto!<\/p>\n\n\n\n<p>El tiempo indicado no incluye los tiempos de espera, por lo que es mejor que adquiera sus entradas en l\u00ednea para no perder un tiempo valioso en la entrada.<\/p>\n\n\n\n<p>Adem\u00e1s, \u00a1el almuerzo y el desayuno que puedan desear sus hijos, dependiendo de c\u00f3mo viajen, no est\u00e1n incluidos!<\/p>\n\n\n\n<hr class=\"wp-block-separator has-alpha-channel-opacity\"\/>\n\n\n\n<h2 class=\"wp-block-heading\">\u00bfMerece la pena visitar el Acuario de Lisboa?<\/h2>\n\n\n\n<p>Yo dir\u00eda que el 99 % de las veces merece absolutamente la pena visitar el acuario. Es una gran experiencia para toda la familia. Pero tenga en cuenta que los ni\u00f1os s\u00f3lo vivir\u00e1n una gran experiencia si est\u00e1n descansados, no tienen hambre y est\u00e1n dispuestos a explorar todas estas cosas en una experiencia que a\u00fan dura de 2 a 3 horas.<\/p>\n\n\n<div class=\"wp-block-image\">\n<figure class=\"aligncenter size-large\"><img loading=\"lazy\" decoding=\"async\" width=\"1024\" height=\"701\" src=\"https:\/\/lisbon-family.com\/wp-content\/uploads\/2025\/04\/lisbon12-3-1024x701.jpg\" alt=\"\" class=\"wp-image-4558\" srcset=\"https:\/\/lisbon-family.com\/wp-content\/uploads\/2025\/04\/lisbon12-3-1024x701.jpg 1024w, https:\/\/lisbon-family.com\/wp-content\/uploads\/2025\/04\/lisbon12-3-300x205.jpg 300w, https:\/\/lisbon-family.com\/wp-content\/uploads\/2025\/04\/lisbon12-3-768x526.jpg 768w, https:\/\/lisbon-family.com\/wp-content\/uploads\/2025\/04\/lisbon12-3.jpg 1280w\" sizes=\"(max-width: 1024px) 100vw, 1024px\" \/><\/figure>\n<\/div>\n\n\n<p>Por esta raz\u00f3n, he explicado los puntos anteriores. Puede ser una muy buena idea visitar el oceanario cuando no est\u00e9 tan abarrotado. En temporada alta puede resultar muy agotador ir all\u00ed y tener que hacer cola durante mucho tiempo delante del restaurante o de los aseos.<\/p>\n\n\n\n<p><strong>Sin embargo, si va bien preparado, \u00a1le recomiendo sin duda una visita al acuario!<\/strong><\/p>\n\n\n\n<hr class=\"wp-block-separator has-alpha-channel-opacity\"\/>\n\n\n\n<h2 class=\"wp-block-heading\">\u00bfCu\u00e1les son los horarios de apertura de las tiendas en Lisboa?<\/h2>\n\n\n\n<p>Ya que estamos, hablemos tambi\u00e9n de los horarios de apertura de los supermercados y tiendas de Lisboa. Se trata de una cuesti\u00f3n importante, ya que es posible que desee combinar su visita con una visita al supermercado o al centro comercial en caso de que los ni\u00f1os necesiten algo urgentemente.<\/p>\n\n\n\n<p>Esto no es el norte de Europa, donde las tiendas cierran temprano. En general, las tiendas y los supermercados est\u00e1n abiertos hasta las 8 de la tarde. En algunos casos encontrar\u00e1 supermercados que incluso est\u00e1n abiertos hasta las 22 horas. Sin embargo, esto debe comprobarse por separado en cada tienda o supermercado.<\/p>\n\n\n\n<p>La siesta t\u00edpica de pa\u00edses como Espa\u00f1a no es habitual en Portugal. Sin embargo, algunos comercios siguen esta tradici\u00f3n y cierran entre las 14 y las 16 horas. Sin embargo, no se trata de una norma general, sino m\u00e1s bien de una excepci\u00f3n.<\/p>\n\n\n\n<hr class=\"wp-block-separator has-alpha-channel-opacity\"\/>\n\n\n\n<h2 class=\"wp-block-heading\">Informaci\u00f3n pr\u00e1ctica para los visitantes<\/h2>\n\n\n\n<p>Aqu\u00ed encontrar\u00e1 informaci\u00f3n pr\u00e1ctica para los turistas que visiten el Oceanario sobre los horarios de apertura y la duraci\u00f3n de la visita.<\/p>\n\n\n<center><div data-tiqets-widget=\"availability\" data-layout=\"full\" data-orientation=\"horizontal\" data-product-id=\"975260\" data-language=\"en\" data-partner=\"lisbonfamily\"><\/div><script defer src=\"https:\/\/widgets.tiqets.com\/loader.js\"><\/script><\/center>\n\n\n<p>Compre las entradas en l\u00ednea: Esto tiene un impacto significativo en la duraci\u00f3n media de la visita.<\/p>\n\n\n\n<p>Traiga calzado c\u00f3modo: Esto le facilitar\u00e1 mucho la visita. No subestime lo mucho que tienen que andar los ni\u00f1os durante su visita al oceanario. Un calzado c\u00f3modo les facilitar\u00e1 mucho la marcha. De esta forma no sentir\u00e1n dolor al final de la visita y podr\u00e1n disfrutar del oceanario de una forma mucho m\u00e1s relajada.<\/p>\n\n\n\n<p>Comida y bebida: Como ya se ha mencionado, hay dos restaurantes en el Oceanario. Por favor, preste atenci\u00f3n a las horas punta. A esas horas puede haber mucha gente en los restaurantes.<\/p>\n\n\n\n<p>Organizaci\u00f3n y seguridad: un punto importante. Es un lugar donde los ni\u00f1os pueden divertirse y descubrir cosas nuevas. Pueden disfrutar de su visita de forma relajada y sentirse completamente a gusto en el Oceanario. Sin embargo, recuerde que el Oceanario es tambi\u00e9n un lugar p\u00fablico con muchos otros visitantes. El respeto y el buen comportamiento son una cuesti\u00f3n de rutina en todo momento. Lo mismo se aplica a la organizaci\u00f3n. Le rogamos que tenga preparadas sus entradas en l\u00ednea para no entorpecer la cola. Por favor, v\u00edstase adecuadamente y dir\u00edjase a las zonas designadas si desea tomarse un breve descanso. Toda la experiencia est\u00e1 dise\u00f1ada pensando en la seguridad de los ni\u00f1os. No hay de qu\u00e9 preocuparse. Si sigue las normas de comportamiento, tendr\u00e1 una estancia excelente.<\/p>","protected":false},"excerpt":{"rendered":"<p>In diesem Artikel befassen wir uns mit den \u00d6ffnungszeiten des Ozeanariums in Lissabon. Wie sind die \u00d6ffnungszeiten? Wann ist das Ozeanarium geschlossen? Ist es an Feiertagen ge\u00f6ffnet? Wann ist die beste Zeit f\u00fcr einen Besuch? Hier findet ihr alle Informationen. \u00d6ffnungszeiten Ozeanarium Lissabon Das Ozeanarium ist t\u00e4glich ge\u00f6ffnet. Es ist 365 Tage im Jahr ge\u00f6ffnet. [&hellip;]<\/p>\n","protected":false},"author":1,"featured_media":4560,"parent":0,"menu_order":0,"comment_status":"closed","ping_status":"closed","template":"","meta":{"saved_in_kubio":true,"_themeisle_gutenberg_block_has_review":false,"footnotes":""},"class_list":["post-4671","page","type-page","status-publish","has-post-thumbnail","hentry"],"kubio_ai_page_context":{"short_desc":"","purpose":"general"},"yoast_head":"<!-- This site is optimized with the Yoast SEO plugin v27.4 - https:\/\/yoast.com\/product\/yoast-seo-wordpress\/ -->\n<title>Ozeanarium in Lissabon - \u00d6ffnungszeiten<\/title>\n<meta name=\"description\" content=\"Wie sind die \u00d6ffnungszeiten? Wann ist das Ozeanarium geschlossen? Ist es an Feiertagen ge\u00f6ffnet? Wann ist die beste Zeit f\u00fcr einen Besuch?\" \/>\n<meta name=\"robots\" content=\"index, follow, max-snippet:-1, max-image-preview:large, max-video-preview:-1\" \/>\n<link rel=\"canonical\" href=\"https:\/\/lisbon-family.com\/es\/horario-de-apertura-del-oceanario\/\" \/>\n<meta property=\"og:locale\" content=\"es_ES\" \/>\n<meta property=\"og:type\" content=\"article\" \/>\n<meta property=\"og:title\" content=\"Ozeanarium in Lissabon - \u00d6ffnungszeiten\" \/>\n<meta property=\"og:description\" content=\"Wie sind die \u00d6ffnungszeiten? Wann ist das Ozeanarium geschlossen? Ist es an Feiertagen ge\u00f6ffnet? Wann ist die beste Zeit f\u00fcr einen Besuch?\" \/>\n<meta property=\"og:url\" content=\"https:\/\/lisbon-family.com\/es\/horario-de-apertura-del-oceanario\/\" \/>\n<meta property=\"og:site_name\" content=\"Lisbon Family\" \/>\n<meta property=\"article:modified_time\" content=\"2025-05-21T12:09:05+00:00\" \/>\n<meta property=\"og:image\" content=\"https:\/\/lisbon-family.com\/wp-content\/uploads\/2025\/04\/lisbon14-3.jpg\" \/>\n\t<meta property=\"og:image:width\" content=\"1280\" \/>\n\t<meta property=\"og:image:height\" content=\"853\" \/>\n\t<meta property=\"og:image:type\" content=\"image\/jpeg\" \/>\n<meta name=\"twitter:card\" content=\"summary_large_image\" \/>\n<meta name=\"twitter:label1\" content=\"Tiempo de lectura\" \/>\n\t<meta name=\"twitter:data1\" content=\"9 minutos\" \/>\n<script type=\"application\/ld+json\" class=\"yoast-schema-graph\">{\"@context\":\"https:\\\/\\\/schema.org\",\"@graph\":[{\"@type\":\"WebPage\",\"@id\":\"https:\\\/\\\/lisbon-family.com\\\/ozeanarium-offnungszeiten\\\/\",\"url\":\"https:\\\/\\\/lisbon-family.com\\\/ozeanarium-offnungszeiten\\\/\",\"name\":\"Ozeanarium in Lissabon - \u00d6ffnungszeiten\",\"isPartOf\":{\"@id\":\"https:\\\/\\\/lisbon-family.com\\\/#website\"},\"primaryImageOfPage\":{\"@id\":\"https:\\\/\\\/lisbon-family.com\\\/ozeanarium-offnungszeiten\\\/#primaryimage\"},\"image\":{\"@id\":\"https:\\\/\\\/lisbon-family.com\\\/ozeanarium-offnungszeiten\\\/#primaryimage\"},\"thumbnailUrl\":\"https:\\\/\\\/lisbon-family.com\\\/wp-content\\\/uploads\\\/2025\\\/04\\\/lisbon14-3.jpg\",\"datePublished\":\"2025-05-09T11:30:19+00:00\",\"dateModified\":\"2025-05-21T12:09:05+00:00\",\"description\":\"Wie sind die \u00d6ffnungszeiten? Wann ist das Ozeanarium geschlossen? Ist es an Feiertagen ge\u00f6ffnet? Wann ist die beste Zeit f\u00fcr einen Besuch?\",\"breadcrumb\":{\"@id\":\"https:\\\/\\\/lisbon-family.com\\\/ozeanarium-offnungszeiten\\\/#breadcrumb\"},\"inLanguage\":\"es\",\"potentialAction\":[{\"@type\":\"ReadAction\",\"target\":[\"https:\\\/\\\/lisbon-family.com\\\/ozeanarium-offnungszeiten\\\/\"]}]},{\"@type\":\"ImageObject\",\"inLanguage\":\"es\",\"@id\":\"https:\\\/\\\/lisbon-family.com\\\/ozeanarium-offnungszeiten\\\/#primaryimage\",\"url\":\"https:\\\/\\\/lisbon-family.com\\\/wp-content\\\/uploads\\\/2025\\\/04\\\/lisbon14-3.jpg\",\"contentUrl\":\"https:\\\/\\\/lisbon-family.com\\\/wp-content\\\/uploads\\\/2025\\\/04\\\/lisbon14-3.jpg\",\"width\":1280,\"height\":853},{\"@type\":\"BreadcrumbList\",\"@id\":\"https:\\\/\\\/lisbon-family.com\\\/ozeanarium-offnungszeiten\\\/#breadcrumb\",\"itemListElement\":[{\"@type\":\"ListItem\",\"position\":1,\"name\":\"Home\",\"item\":\"https:\\\/\\\/lisbon-family.com\\\/\"},{\"@type\":\"ListItem\",\"position\":2,\"name\":\"Ozeanarium in Lissabon &#8211; \u00d6ffnungszeiten\"}]},{\"@type\":\"WebSite\",\"@id\":\"https:\\\/\\\/lisbon-family.com\\\/#website\",\"url\":\"https:\\\/\\\/lisbon-family.com\\\/\",\"name\":\"Lisbon Family\",\"description\":\"\",\"publisher\":{\"@id\":\"https:\\\/\\\/lisbon-family.com\\\/#organization\"},\"potentialAction\":[{\"@type\":\"SearchAction\",\"target\":{\"@type\":\"EntryPoint\",\"urlTemplate\":\"https:\\\/\\\/lisbon-family.com\\\/?s={search_term_string}\"},\"query-input\":{\"@type\":\"PropertyValueSpecification\",\"valueRequired\":true,\"valueName\":\"search_term_string\"}}],\"inLanguage\":\"es\"},{\"@type\":\"Organization\",\"@id\":\"https:\\\/\\\/lisbon-family.com\\\/#organization\",\"name\":\"Lisbon Family\",\"url\":\"https:\\\/\\\/lisbon-family.com\\\/\",\"logo\":{\"@type\":\"ImageObject\",\"inLanguage\":\"es\",\"@id\":\"https:\\\/\\\/lisbon-family.com\\\/#\\\/schema\\\/logo\\\/image\\\/\",\"url\":\"https:\\\/\\\/lisbon-family.com\\\/wp-content\\\/uploads\\\/2025\\\/05\\\/lisbon-family-final16-scaled.png\",\"contentUrl\":\"https:\\\/\\\/lisbon-family.com\\\/wp-content\\\/uploads\\\/2025\\\/05\\\/lisbon-family-final16-scaled.png\",\"width\":2560,\"height\":853,\"caption\":\"Lisbon Family\"},\"image\":{\"@id\":\"https:\\\/\\\/lisbon-family.com\\\/#\\\/schema\\\/logo\\\/image\\\/\"}}]}<\/script>\n<!-- \/ Yoast SEO plugin. -->","yoast_head_json":{"title":"Oceanario de Lisboa - Horario de apertura","description":"\u00bfCu\u00e1l es el horario de apertura? \u00bfCu\u00e1ndo cierra el Oceanario? \u00bfEst\u00e1 abierto los d\u00edas festivos? \u00bfCu\u00e1l es la mejor \u00e9poca para visitarlo?","robots":{"index":"index","follow":"follow","max-snippet":"max-snippet:-1","max-image-preview":"max-image-preview:large","max-video-preview":"max-video-preview:-1"},"canonical":"https:\/\/lisbon-family.com\/es\/horario-de-apertura-del-oceanario\/","og_locale":"es_ES","og_type":"article","og_title":"Ozeanarium in Lissabon - \u00d6ffnungszeiten","og_description":"Wie sind die \u00d6ffnungszeiten? Wann ist das Ozeanarium geschlossen? Ist es an Feiertagen ge\u00f6ffnet? Wann ist die beste Zeit f\u00fcr einen Besuch?","og_url":"https:\/\/lisbon-family.com\/es\/horario-de-apertura-del-oceanario\/","og_site_name":"Lisbon Family","article_modified_time":"2025-05-21T12:09:05+00:00","og_image":[{"width":1280,"height":853,"url":"https:\/\/lisbon-family.com\/wp-content\/uploads\/2025\/04\/lisbon14-3.jpg","type":"image\/jpeg"}],"twitter_card":"summary_large_image","twitter_misc":{"Tiempo de lectura":"9 minutos"},"schema":{"@context":"https:\/\/schema.org","@graph":[{"@type":"WebPage","@id":"https:\/\/lisbon-family.com\/ozeanarium-offnungszeiten\/","url":"https:\/\/lisbon-family.com\/ozeanarium-offnungszeiten\/","name":"Oceanario de Lisboa - Horario de apertura","isPartOf":{"@id":"https:\/\/lisbon-family.com\/#website"},"primaryImageOfPage":{"@id":"https:\/\/lisbon-family.com\/ozeanarium-offnungszeiten\/#primaryimage"},"image":{"@id":"https:\/\/lisbon-family.com\/ozeanarium-offnungszeiten\/#primaryimage"},"thumbnailUrl":"https:\/\/lisbon-family.com\/wp-content\/uploads\/2025\/04\/lisbon14-3.jpg","datePublished":"2025-05-09T11:30:19+00:00","dateModified":"2025-05-21T12:09:05+00:00","description":"\u00bfCu\u00e1l es el horario de apertura? \u00bfCu\u00e1ndo cierra el Oceanario? \u00bfEst\u00e1 abierto los d\u00edas festivos? \u00bfCu\u00e1l es la mejor \u00e9poca para visitarlo?","breadcrumb":{"@id":"https:\/\/lisbon-family.com\/ozeanarium-offnungszeiten\/#breadcrumb"},"inLanguage":"es","potentialAction":[{"@type":"ReadAction","target":["https:\/\/lisbon-family.com\/ozeanarium-offnungszeiten\/"]}]},{"@type":"ImageObject","inLanguage":"es","@id":"https:\/\/lisbon-family.com\/ozeanarium-offnungszeiten\/#primaryimage","url":"https:\/\/lisbon-family.com\/wp-content\/uploads\/2025\/04\/lisbon14-3.jpg","contentUrl":"https:\/\/lisbon-family.com\/wp-content\/uploads\/2025\/04\/lisbon14-3.jpg","width":1280,"height":853},{"@type":"BreadcrumbList","@id":"https:\/\/lisbon-family.com\/ozeanarium-offnungszeiten\/#breadcrumb","itemListElement":[{"@type":"ListItem","position":1,"name":"Home","item":"https:\/\/lisbon-family.com\/"},{"@type":"ListItem","position":2,"name":"Ozeanarium in Lissabon &#8211; \u00d6ffnungszeiten"}]},{"@type":"WebSite","@id":"https:\/\/lisbon-family.com\/#website","url":"https:\/\/lisbon-family.com\/","name":"Familia Lisbon","description":"","publisher":{"@id":"https:\/\/lisbon-family.com\/#organization"},"potentialAction":[{"@type":"SearchAction","target":{"@type":"EntryPoint","urlTemplate":"https:\/\/lisbon-family.com\/?s={search_term_string}"},"query-input":{"@type":"PropertyValueSpecification","valueRequired":true,"valueName":"search_term_string"}}],"inLanguage":"es"},{"@type":"Organization","@id":"https:\/\/lisbon-family.com\/#organization","name":"Familia Lisbon","url":"https:\/\/lisbon-family.com\/","logo":{"@type":"ImageObject","inLanguage":"es","@id":"https:\/\/lisbon-family.com\/#\/schema\/logo\/image\/","url":"https:\/\/lisbon-family.com\/wp-content\/uploads\/2025\/05\/lisbon-family-final16-scaled.png","contentUrl":"https:\/\/lisbon-family.com\/wp-content\/uploads\/2025\/05\/lisbon-family-final16-scaled.png","width":2560,"height":853,"caption":"Lisbon Family"},"image":{"@id":"https:\/\/lisbon-family.com\/#\/schema\/logo\/image\/"}}]}},"_links":{"self":[{"href":"https:\/\/lisbon-family.com\/es\/wp-json\/wp\/v2\/pages\/4671","targetHints":{"allow":["GET"]}}],"collection":[{"href":"https:\/\/lisbon-family.com\/es\/wp-json\/wp\/v2\/pages"}],"about":[{"href":"https:\/\/lisbon-family.com\/es\/wp-json\/wp\/v2\/types\/page"}],"author":[{"embeddable":true,"href":"https:\/\/lisbon-family.com\/es\/wp-json\/wp\/v2\/users\/1"}],"replies":[{"embeddable":true,"href":"https:\/\/lisbon-family.com\/es\/wp-json\/wp\/v2\/comments?post=4671"}],"version-history":[{"count":11,"href":"https:\/\/lisbon-family.com\/es\/wp-json\/wp\/v2\/pages\/4671\/revisions"}],"predecessor-version":[{"id":4740,"href":"https:\/\/lisbon-family.com\/es\/wp-json\/wp\/v2\/pages\/4671\/revisions\/4740"}],"wp:featuredmedia":[{"embeddable":true,"href":"https:\/\/lisbon-family.com\/es\/wp-json\/wp\/v2\/media\/4560"}],"wp:attachment":[{"href":"https:\/\/lisbon-family.com\/es\/wp-json\/wp\/v2\/media?parent=4671"}],"curies":[{"name":"wp","href":"https:\/\/api.w.org\/{rel}","templated":true}]}}