{"id":4399,"date":"2025-04-17T20:02:13","date_gmt":"2025-04-17T20:02:13","guid":{"rendered":"https:\/\/lisbon-family.com\/?page_id=4399"},"modified":"2025-06-19T19:44:31","modified_gmt":"2025-06-19T19:44:31","slug":"foire-aux-questions-sur-loceanario-de-lisboa","status":"publish","type":"page","link":"https:\/\/lisbon-family.com\/fr\/haufig-gestellte-fragen-faq-zum-oceanario-de-lisboa\/","title":{"rendered":"Foire aux questions (FAQ) sur l'Ocean\u00e1rio"},"content":{"rendered":"<h3 class=\"wp-block-heading\">1. <strong>Quelles sont les horairares d'ouverture de l'Ocean\u00e1rio de Lisboa ?<\/strong><\/h3>\n\n\n\n<p>L'Ocean\u00e1rio est ouvert tous les jours de 10 h \u00e0 20 h, derni\u00e8re entr\u00e9e \u00e0 19 h. Les horaires peuvent varier les jours f\u00e9ri\u00e9s, il est donc conseill\u00e9 de v\u00e9rifier au pr\u00e9alable sur le site officiel ou sur Tiqets.<\/p>\n\n\n\n<h3 class=\"wp-block-heading\">2. <strong>Combien de temps dure une visite \u00e0 l'Ocean\u00e1rio ?<\/strong><\/h3>\n\n\n\n<p>Une visite dure en moyenne entre 1 h 30 et 2 heures si vous explorez l'aquarium \u00e0 votre rythme. Avec une visite guid\u00e9e priv\u00e9e (environ 1 h 30) ou si vous \u00eates particuli\u00e8rement int\u00e9ress\u00e9, la visite peut durer plus longtemps.<\/p>\n\n\n\n<h3 class=\"wp-block-heading\">3. <strong>Existe-t-il des billets coupe-file ?<\/strong><\/h3>\n\n\n\n<p>Oui, sur Tiqets, vous pouvez acheter des billets \u00ab coupe-file \u00bb qui vous permettent d'acc\u00e9der directement au site sans faire la queue. Ceux-ci sont particuli\u00e8rement pratiques en haute saison ou le week-end.<\/p>\n\n\n\n<h3 class=\"wp-block-heading\">4. <strong>Les billets peuvent-ils \u00eatre annul\u00e9s ?<\/strong><\/h3>\n\n\n\n<p>De nombreux billets sur Tiqets sont remboursables si vous s\u00e9lectionnez cette option et annulez avant 23h59 la veille. Veuillez v\u00e9rifier les conditions lors de la r\u00e9servation.<\/p>\n\n\n\n<h3 class=\"wp-block-heading\">5. <strong>L'Oc\u00e9anarium est-il adapt\u00e9 aux enfants ?<\/strong><\/h3>\n\n\n\n<p>Absolument ! L'aquarium est adapt\u00e9 aux familles et propose des expositions qui plaisent aux enfants, comme les pingouins, les m\u00e9duses et les poissons tropicaux color\u00e9s. Cependant, il n'y a pas de r\u00e9ductions sp\u00e9ciales pour les enfants, il est donc conseill\u00e9 de consulter les offres pour les familles.<\/p>\n\n\n\n<h3 class=\"wp-block-heading\">6. <strong>Que comprend la visite guid\u00e9e priv\u00e9e ?<\/strong><\/h3>\n\n\n\n<p>La visite priv\u00e9e (environ 1,5 heure) offre un tour exclusif avec un guide expert qui donne des informations d\u00e9taill\u00e9es sur la vie marine, les \u00e9cosyst\u00e8mes et les projets de conservation. Id\u00e9al pour les groupes ou les passionn\u00e9s de la mer.<\/p>\n\n\n\n<h3 class=\"wp-block-heading\">7. <strong>Comment fonctionne la Lisbon Card avec le billet pour l'Ocean\u00e1rio ?<\/strong><\/h3>\n\n\n\n<p>La Lisbon Card (24, 48 ou 72 heures) comprend une r\u00e9duction de 15 % sur le prix du billet d'entr\u00e9e \u00e0 l'Ocean\u00e1rio, ainsi que le libre acc\u00e8s aux transports publics et \u00e0 plus de 38 attractions de Lisbonne. Elle doit \u00eatre retir\u00e9e \u00e0 l'avance \u00e0 un point de retrait (p. ex. \u00e0 l'a\u00e9roport).<\/p>\n\n\n\n<h3 class=\"wp-block-heading\">8. <strong>L'Oc\u00e9anarium est-il accessible aux personnes \u00e0 mobilit\u00e9 r\u00e9duite ?<\/strong><\/h3>\n\n\n\n<p>Oui, l'Ocean\u00e1rio est accessible aux fauteuils roulants et dispose de chemins sans obstacle ainsi que d'ascenseurs. Veuillez contacter l'aquarium \u00e0 l'avance si vous avez des besoins particuliers.<\/p>\n\n\n\n<h3 class=\"wp-block-heading\">9. <strong>Puis-je manger sur place ou acheter des souvenirs ?<\/strong><\/h3>\n\n\n\n<p>Oui, il y a un caf\u00e9 proposant des collations et des boissons, ainsi qu'une boutique de souvenirs avec des articles sur le th\u00e8me de la mer, tels que des peluches, des livres et des cartes postales.<\/p>\n\n\n\n<h3 class=\"wp-block-heading\">10. <strong>Comment se rendre \u00e0 l'Oc\u00e9anarium ?<\/strong><\/h3>\n\n\n\n<p>L'Ocean\u00e1rio est situ\u00e9 dans le Parque das Na\u00e7\u00f5es et est facilement accessible en m\u00e9tro (ligne Oriente, station Oriente) ou en bus. Avec la Lisbon Card, vous pouvez utiliser les transports publics gratuitement.<\/p>\n\n\n\n<p>Pour toute question ou r\u00e9servation, veuillez consulter le site Tiqets ou le site officiel de l'Ocean\u00e1rio de Lisboa.<\/p>","protected":false},"excerpt":{"rendered":"<p>1. Was sind die \u00d6ffnungszeiten des Ocean\u00e1rio de Lisboa? Das Ocean\u00e1rio ist t\u00e4glich von 10:00 bis 20:00 Uhr ge\u00f6ffnet, letzter Einlass ist um 19:00 Uhr. An Feiertagen k\u00f6nnen die Zeiten variieren, daher empfiehlt es sich, die offizielle Website oder Tiqets vorab zu pr\u00fcfen. 2. Wie lange dauert ein Besuch im Ocean\u00e1rio? Ein durchschnittlicher Besuch dauert [&hellip;]<\/p>\n","protected":false},"author":1,"featured_media":0,"parent":0,"menu_order":0,"comment_status":"closed","ping_status":"closed","template":"","meta":{"saved_in_kubio":true,"_themeisle_gutenberg_block_has_review":false,"footnotes":""},"class_list":["post-4399","page","type-page","status-publish","hentry"],"kubio_ai_page_context":{"short_desc":"","purpose":"general"},"yoast_head":"<!-- This site is optimized with the Yoast SEO plugin v27.4 - https:\/\/yoast.com\/product\/yoast-seo-wordpress\/ -->\n<title>H\u00e4ufig gestellte Fragen (FAQ) zum Ocean\u00e1rio - Lisbon Family<\/title>\n<meta name=\"robots\" content=\"index, follow, max-snippet:-1, max-image-preview:large, max-video-preview:-1\" \/>\n<link rel=\"canonical\" href=\"https:\/\/lisbon-family.com\/fr\/foire-aux-questions-sur-loceanario-de-lisboa\/\" \/>\n<meta property=\"og:locale\" content=\"fr_FR\" \/>\n<meta property=\"og:type\" content=\"article\" \/>\n<meta property=\"og:title\" content=\"H\u00e4ufig gestellte Fragen (FAQ) zum Ocean\u00e1rio - Lisbon Family\" \/>\n<meta property=\"og:description\" content=\"1. Was sind die \u00d6ffnungszeiten des Ocean\u00e1rio de Lisboa? Das Ocean\u00e1rio ist t\u00e4glich von 10:00 bis 20:00 Uhr ge\u00f6ffnet, letzter Einlass ist um 19:00 Uhr. An Feiertagen k\u00f6nnen die Zeiten variieren, daher empfiehlt es sich, die offizielle Website oder Tiqets vorab zu pr\u00fcfen. 2. Wie lange dauert ein Besuch im Ocean\u00e1rio? Ein durchschnittlicher Besuch dauert [&hellip;]\" \/>\n<meta property=\"og:url\" content=\"https:\/\/lisbon-family.com\/fr\/foire-aux-questions-sur-loceanario-de-lisboa\/\" \/>\n<meta property=\"og:site_name\" content=\"Lisbon Family\" \/>\n<meta property=\"article:modified_time\" content=\"2025-06-19T19:44:31+00:00\" \/>\n<meta name=\"twitter:card\" content=\"summary_large_image\" \/>\n<script type=\"application\/ld+json\" class=\"yoast-schema-graph\">{\"@context\":\"https:\\\/\\\/schema.org\",\"@graph\":[{\"@type\":\"WebPage\",\"@id\":\"https:\\\/\\\/lisbon-family.com\\\/haufig-gestellte-fragen-faq-zum-oceanario-de-lisboa\\\/\",\"url\":\"https:\\\/\\\/lisbon-family.com\\\/haufig-gestellte-fragen-faq-zum-oceanario-de-lisboa\\\/\",\"name\":\"H\u00e4ufig gestellte Fragen (FAQ) zum Ocean\u00e1rio - Lisbon Family\",\"isPartOf\":{\"@id\":\"https:\\\/\\\/lisbon-family.com\\\/#website\"},\"datePublished\":\"2025-04-17T20:02:13+00:00\",\"dateModified\":\"2025-06-19T19:44:31+00:00\",\"breadcrumb\":{\"@id\":\"https:\\\/\\\/lisbon-family.com\\\/haufig-gestellte-fragen-faq-zum-oceanario-de-lisboa\\\/#breadcrumb\"},\"inLanguage\":\"fr-FR\",\"potentialAction\":[{\"@type\":\"ReadAction\",\"target\":[\"https:\\\/\\\/lisbon-family.com\\\/haufig-gestellte-fragen-faq-zum-oceanario-de-lisboa\\\/\"]}]},{\"@type\":\"BreadcrumbList\",\"@id\":\"https:\\\/\\\/lisbon-family.com\\\/haufig-gestellte-fragen-faq-zum-oceanario-de-lisboa\\\/#breadcrumb\",\"itemListElement\":[{\"@type\":\"ListItem\",\"position\":1,\"name\":\"Home\",\"item\":\"https:\\\/\\\/lisbon-family.com\\\/\"},{\"@type\":\"ListItem\",\"position\":2,\"name\":\"H\u00e4ufig gestellte Fragen (FAQ) zum Ocean\u00e1rio\"}]},{\"@type\":\"WebSite\",\"@id\":\"https:\\\/\\\/lisbon-family.com\\\/#website\",\"url\":\"https:\\\/\\\/lisbon-family.com\\\/\",\"name\":\"Lisbon Family\",\"description\":\"\",\"publisher\":{\"@id\":\"https:\\\/\\\/lisbon-family.com\\\/#organization\"},\"potentialAction\":[{\"@type\":\"SearchAction\",\"target\":{\"@type\":\"EntryPoint\",\"urlTemplate\":\"https:\\\/\\\/lisbon-family.com\\\/?s={search_term_string}\"},\"query-input\":{\"@type\":\"PropertyValueSpecification\",\"valueRequired\":true,\"valueName\":\"search_term_string\"}}],\"inLanguage\":\"fr-FR\"},{\"@type\":\"Organization\",\"@id\":\"https:\\\/\\\/lisbon-family.com\\\/#organization\",\"name\":\"Lisbon Family\",\"url\":\"https:\\\/\\\/lisbon-family.com\\\/\",\"logo\":{\"@type\":\"ImageObject\",\"inLanguage\":\"fr-FR\",\"@id\":\"https:\\\/\\\/lisbon-family.com\\\/#\\\/schema\\\/logo\\\/image\\\/\",\"url\":\"https:\\\/\\\/lisbon-family.com\\\/wp-content\\\/uploads\\\/2025\\\/05\\\/lisbon-family-final16-scaled.png\",\"contentUrl\":\"https:\\\/\\\/lisbon-family.com\\\/wp-content\\\/uploads\\\/2025\\\/05\\\/lisbon-family-final16-scaled.png\",\"width\":2560,\"height\":853,\"caption\":\"Lisbon Family\"},\"image\":{\"@id\":\"https:\\\/\\\/lisbon-family.com\\\/#\\\/schema\\\/logo\\\/image\\\/\"}}]}<\/script>\n<!-- \/ Yoast SEO plugin. -->","yoast_head_json":{"title":"Foire aux questions (FAQ) sur l'Ocean\u00e1rio - Lisbon Family","robots":{"index":"index","follow":"follow","max-snippet":"max-snippet:-1","max-image-preview":"max-image-preview:large","max-video-preview":"max-video-preview:-1"},"canonical":"https:\/\/lisbon-family.com\/fr\/foire-aux-questions-sur-loceanario-de-lisboa\/","og_locale":"fr_FR","og_type":"article","og_title":"H\u00e4ufig gestellte Fragen (FAQ) zum Ocean\u00e1rio - Lisbon Family","og_description":"1. Was sind die \u00d6ffnungszeiten des Ocean\u00e1rio de Lisboa? Das Ocean\u00e1rio ist t\u00e4glich von 10:00 bis 20:00 Uhr ge\u00f6ffnet, letzter Einlass ist um 19:00 Uhr. An Feiertagen k\u00f6nnen die Zeiten variieren, daher empfiehlt es sich, die offizielle Website oder Tiqets vorab zu pr\u00fcfen. 2. Wie lange dauert ein Besuch im Ocean\u00e1rio? Ein durchschnittlicher Besuch dauert [&hellip;]","og_url":"https:\/\/lisbon-family.com\/fr\/foire-aux-questions-sur-loceanario-de-lisboa\/","og_site_name":"Lisbon Family","article_modified_time":"2025-06-19T19:44:31+00:00","twitter_card":"summary_large_image","schema":{"@context":"https:\/\/schema.org","@graph":[{"@type":"WebPage","@id":"https:\/\/lisbon-family.com\/haufig-gestellte-fragen-faq-zum-oceanario-de-lisboa\/","url":"https:\/\/lisbon-family.com\/haufig-gestellte-fragen-faq-zum-oceanario-de-lisboa\/","name":"Foire aux questions (FAQ) sur l'Ocean\u00e1rio - Lisbon Family","isPartOf":{"@id":"https:\/\/lisbon-family.com\/#website"},"datePublished":"2025-04-17T20:02:13+00:00","dateModified":"2025-06-19T19:44:31+00:00","breadcrumb":{"@id":"https:\/\/lisbon-family.com\/haufig-gestellte-fragen-faq-zum-oceanario-de-lisboa\/#breadcrumb"},"inLanguage":"fr-FR","potentialAction":[{"@type":"ReadAction","target":["https:\/\/lisbon-family.com\/haufig-gestellte-fragen-faq-zum-oceanario-de-lisboa\/"]}]},{"@type":"BreadcrumbList","@id":"https:\/\/lisbon-family.com\/haufig-gestellte-fragen-faq-zum-oceanario-de-lisboa\/#breadcrumb","itemListElement":[{"@type":"ListItem","position":1,"name":"Home","item":"https:\/\/lisbon-family.com\/"},{"@type":"ListItem","position":2,"name":"H\u00e4ufig gestellte Fragen (FAQ) zum Ocean\u00e1rio"}]},{"@type":"WebSite","@id":"https:\/\/lisbon-family.com\/#website","url":"https:\/\/lisbon-family.com\/","name":"Lisbon Family","description":"","publisher":{"@id":"https:\/\/lisbon-family.com\/#organization"},"potentialAction":[{"@type":"SearchAction","target":{"@type":"EntryPoint","urlTemplate":"https:\/\/lisbon-family.com\/?s={search_term_string}"},"query-input":{"@type":"PropertyValueSpecification","valueRequired":true,"valueName":"search_term_string"}}],"inLanguage":"fr-FR"},{"@type":"Organization","@id":"https:\/\/lisbon-family.com\/#organization","name":"Lisbon Family","url":"https:\/\/lisbon-family.com\/","logo":{"@type":"ImageObject","inLanguage":"fr-FR","@id":"https:\/\/lisbon-family.com\/#\/schema\/logo\/image\/","url":"https:\/\/lisbon-family.com\/wp-content\/uploads\/2025\/05\/lisbon-family-final16-scaled.png","contentUrl":"https:\/\/lisbon-family.com\/wp-content\/uploads\/2025\/05\/lisbon-family-final16-scaled.png","width":2560,"height":853,"caption":"Lisbon Family"},"image":{"@id":"https:\/\/lisbon-family.com\/#\/schema\/logo\/image\/"}}]}},"_links":{"self":[{"href":"https:\/\/lisbon-family.com\/fr\/wp-json\/wp\/v2\/pages\/4399","targetHints":{"allow":["GET"]}}],"collection":[{"href":"https:\/\/lisbon-family.com\/fr\/wp-json\/wp\/v2\/pages"}],"about":[{"href":"https:\/\/lisbon-family.com\/fr\/wp-json\/wp\/v2\/types\/page"}],"author":[{"embeddable":true,"href":"https:\/\/lisbon-family.com\/fr\/wp-json\/wp\/v2\/users\/1"}],"replies":[{"embeddable":true,"href":"https:\/\/lisbon-family.com\/fr\/wp-json\/wp\/v2\/comments?post=4399"}],"version-history":[{"count":5,"href":"https:\/\/lisbon-family.com\/fr\/wp-json\/wp\/v2\/pages\/4399\/revisions"}],"predecessor-version":[{"id":4785,"href":"https:\/\/lisbon-family.com\/fr\/wp-json\/wp\/v2\/pages\/4399\/revisions\/4785"}],"wp:attachment":[{"href":"https:\/\/lisbon-family.com\/fr\/wp-json\/wp\/v2\/media?parent=4399"}],"curies":[{"name":"wp","href":"https:\/\/api.w.org\/{rel}","templated":true}]}}