{"id":4671,"date":"2025-05-09T11:30:19","date_gmt":"2025-05-09T11:30:19","guid":{"rendered":"https:\/\/lisbon-family.com\/?page_id=4671"},"modified":"2025-05-21T12:09:05","modified_gmt":"2025-05-21T12:09:05","slug":"horaires-douverture-de-loceanarium","status":"publish","type":"page","link":"https:\/\/lisbon-family.com\/fr\/ozeanarium-offnungszeiten\/","title":{"rendered":"Oc\u00e9anarium de Lisbonne - Horaires d'ouverture"},"content":{"rendered":"<p>Dans cet article, nous nous penchons sur les horaires d'ouverture de l'Oc\u00e9anarium de Lisbonne. Quelles sont les heures d'ouverture ? Quand l'oc\u00e9anarium est-il ferm\u00e9 ? Est-il ouvert les jours f\u00e9ri\u00e9s ? Quelle est la meilleure p\u00e9riode pour une visite ?<\/p>\n\n\n\n<p>Vous trouverez toutes les informations ici.<\/p>\n\n\n\n<h2 class=\"wp-block-heading\">Horaires d'ouverture de l'Oc\u00e9anarium de Lisbonne<\/h2>\n\n\n\n<p>L'oc\u00e9anarium est ouvert tous les jours. Il est ouvert 365 jours par an. En raison du grand nombre de visiteurs, il n'est pas n\u00e9cessaire de fermer l'oc\u00e9anarium.<\/p>\n\n\n\n<p>Les soins et l'entretien des animaux sont une autre raison pour laquelle l'oc\u00e9anarium ne peut pas \u00eatre ferm\u00e9 un seul jour par an.<\/p>\n\n\n\n<p>Plus loin dans le texte, tu apprendras que les horaires d'ouverture sont limit\u00e9s \u00e0 certains jours particuliers de l'ann\u00e9e.<\/p>\n\n\n\n<p>&gt; <strong>Horaires d'ouverture en hiver<\/strong> (du 1er novembre au 31 mars) : ouvert tous les jours de 10h \u00e0 19h (derni\u00e8re entr\u00e9e \u00e0 18h).<\/p>\n\n\n\n<p>&gt; <strong>Horaires d'ouverture en \u00e9t\u00e9<\/strong> (du 1er avril au 31 octobre) : Ouvert tous les jours de 10h \u00e0 20h (derni\u00e8re entr\u00e9e \u00e0 19h).<\/p>\n\n\n\n<hr class=\"wp-block-separator has-alpha-channel-opacity\"\/>\n\n\n\n<h2 class=\"wp-block-heading\">L'oc\u00e9anarium est-il ouvert les jours f\u00e9ri\u00e9s ?<\/h2>\n\n\n\n<p>Oui, l'oc\u00e9anarium est ouvert les jours f\u00e9ri\u00e9s. Ces jours-l\u00e0, de nombreux touristes viennent naturellement \u00e0 Lisbonne. Cependant, certains jours, les heures d'ouverture peuvent diff\u00e9rer des heures habituelles.<\/p>\n\n\n<center><div data-tiqets-widget=\"availability\" data-layout=\"full\" data-orientation=\"horizontal\" data-product-id=\"975260\" data-language=\"en\" data-partner=\"lisbonfamily\"><\/div><script defer src=\"https:\/\/widgets.tiqets.com\/loader.js\"><\/script><\/center>\n\n\n<p>Vous trouverez ici une liste avec les heures d'ouverture actuelles lors de jours f\u00e9ri\u00e9s particuliers.<\/p>\n\n\n\n<p><strong>24 et 31 d\u00e9cembre : ouvert de 10h \u00e0 19h (derni\u00e8re entr\u00e9e \u00e0 18h).<\/strong><\/p>\n\n\n\n<p><strong>25 d\u00e9cembre : ouvert de 11h \u00e0 20h (derni\u00e8re entr\u00e9e \u00e0 19h).<\/strong><\/p>\n\n\n\n<p><strong>1er janvier : ouvert de 11h \u00e0 20h (derni\u00e8re entr\u00e9e \u00e0 19h).<\/strong><\/p>\n\n\n\n<hr class=\"wp-block-separator has-alpha-channel-opacity\"\/>\n\n\n\n<h2 class=\"wp-block-heading\">L'oc\u00e9anarium est-il ouvert en hiver ?<\/h2>\n\n\n<div class=\"wp-block-image\">\n<figure class=\"aligncenter size-large\"><img loading=\"lazy\" decoding=\"async\" width=\"1024\" height=\"683\" src=\"https:\/\/lisbon-family.com\/wp-content\/uploads\/2025\/04\/lisbon03-3-1024x683.jpg\" alt=\"\" class=\"wp-image-4549\" srcset=\"https:\/\/lisbon-family.com\/wp-content\/uploads\/2025\/04\/lisbon03-3-1024x683.jpg 1024w, https:\/\/lisbon-family.com\/wp-content\/uploads\/2025\/04\/lisbon03-3-300x200.jpg 300w, https:\/\/lisbon-family.com\/wp-content\/uploads\/2025\/04\/lisbon03-3-768x512.jpg 768w, https:\/\/lisbon-family.com\/wp-content\/uploads\/2025\/04\/lisbon03-3.jpg 1280w\" sizes=\"(max-width: 1024px) 100vw, 1024px\" \/><\/figure>\n<\/div>\n\n\n<p>Oui, je sais ce que vous pensez, et il est vrai que certains parcs d'attractions pour enfants sont ferm\u00e9s en hiver. C'est une question l\u00e9gitime. Cependant, cela ne s'applique pas \u00e0 l'Oc\u00e9anarium. Il est ouvert toute l'ann\u00e9e, m\u00eame en hiver !<\/p>\n\n\n\n<p>Cependant, l'oc\u00e9anarium n'est ouvert que jusqu'\u00e0 19 heures, la derni\u00e8re entr\u00e9e est \u00e0 18 heures.<\/p>\n\n\n\n<hr class=\"wp-block-separator has-alpha-channel-opacity\"\/>\n\n\n\n<h2 class=\"wp-block-heading\">Quel est le meilleur moment pour visiter un aquarium ?<\/h2>\n\n\n\n<p>Le meilleur moment pour visiter un aquarium est d\u00e9finitivement le matin ! Il y a deux raisons principales \u00e0 cela. Premi\u00e8rement, il n'y a pas encore trop de monde.<\/p>\n\n\n\n<p>Avec un billet en ligne, vous pouvez bien s\u00fbr \u00e9viter la file d'attente, vous pensez peut-\u00eatre que ce n'est pas un point important, mais la visite est beaucoup plus agr\u00e9able lorsque l'aquarium n'est pas bond\u00e9.<\/p>\n\n\n\n<p>Deuxi\u00e8mement, la journ\u00e9e commence \u00e0 peine et la capacit\u00e9 d'assimilation du cerveau est beaucoup plus \u00e9lev\u00e9e \u00e0 cette heure-l\u00e0. Les enfants sont frais et dispos au d\u00e9but de la journ\u00e9e et sont enthousiastes \u00e0 l'id\u00e9e d'en apprendre davantage sur les centaines d'animaux marins qui vivent ici !<\/p>\n\n\n\n<p>Le dernier point est facultatif, mais les restaurants de l'aquarium accordent plus d'importance au d\u00e9jeuner qu'au d\u00eener. Si le petit-d\u00e9jeuner n'a pas suffi, vous pouvez surprendre les enfants avec un d\u00e9licieux d\u00e9jeuner apr\u00e8s la visite.<\/p>\n\n\n\n<hr class=\"wp-block-separator has-alpha-channel-opacity\"\/>\n\n\n\n<h2 class=\"wp-block-heading\">Quel est le meilleur jour pour visiter l'oc\u00e9anarium ?<\/h2>\n\n\n\n<p>Le meilleur moment pour visiter l'Oc\u00e9anarium est en semaine. Cela va de soi. En semaine, il y a principalement des touristes. Le week-end, de nombreux habitants de Lisbonne et des villes environnantes viennent \u00e9galement visiter l'aquarium.<\/p>\n\n\n\n<p>Je vous conseille donc vivement de visiter l'oc\u00e9anarium un lundi, un mardi ou un mercredi, si vous en avez la possibilit\u00e9 et que vous \u00eates \u00e0 Lisbonne ces jours-l\u00e0.<\/p>\n\n\n<div class=\"wp-block-image\">\n<figure class=\"aligncenter size-large\"><img loading=\"lazy\" decoding=\"async\" width=\"1024\" height=\"682\" src=\"https:\/\/lisbon-family.com\/wp-content\/uploads\/2025\/04\/lisbon04-2-1024x682.jpg\" alt=\"\" class=\"wp-image-4550\" srcset=\"https:\/\/lisbon-family.com\/wp-content\/uploads\/2025\/04\/lisbon04-2-1024x682.jpg 1024w, https:\/\/lisbon-family.com\/wp-content\/uploads\/2025\/04\/lisbon04-2-300x200.jpg 300w, https:\/\/lisbon-family.com\/wp-content\/uploads\/2025\/04\/lisbon04-2-768x512.jpg 768w, https:\/\/lisbon-family.com\/wp-content\/uploads\/2025\/04\/lisbon04-2.jpg 1280w\" sizes=\"(max-width: 1024px) 100vw, 1024px\" \/><\/figure>\n<\/div>\n\n\n<p>Les autres jours \u00e0 \u00e9viter sont les jours f\u00e9ri\u00e9s. Comme l'oc\u00e9anarium est probablement ouvert les jours f\u00e9ri\u00e9s et qu'il y a beaucoup de visiteurs, vous devriez \u00e9galement \u00e9viter ces jours-l\u00e0, car l'oc\u00e9anarium est tr\u00e8s fr\u00e9quent\u00e9 ces jours-l\u00e0.<\/p>\n\n\n\n<hr class=\"wp-block-separator has-alpha-channel-opacity\"\/>\n\n\n\n<h2 class=\"wp-block-heading\">Quelle est la meilleure p\u00e9riode de l'ann\u00e9e pour visiter un aquarium ?<\/h2>\n\n\n\n<p>Je recommanderais vivement une visite \u00e0 l'aquarium en automne, en hiver ou au printemps. Il ne faut pas sous-estimer le climat \u00e0 Lisbonne. Certes, la ville est situ\u00e9e au sud du Portugal, mais elle est bord\u00e9e par l'oc\u00e9an Atlantique, il peut donc encore faire un peu frais au printemps ou en automne. Que faire lorsque le temps est froid et pluvieux ?<\/p>\n\n\n\n<p>Oui, rendez-vous \u00e0 l'aquarium ! Toute la famille y trouvera un environnement agr\u00e9able avec des temp\u00e9ratures agr\u00e9ables. Comme d\u00e9j\u00e0 mentionn\u00e9, vous n'avez pas besoin de sortir, car l'aquarium dispose de deux excellents restaurants !<\/p>\n\n\n\n<p>En hiver, l'aquarium est bien s\u00fbr le lieu incontournable de Lisbonne. Les temp\u00e9ratures ne sont pas propices aux visites en ext\u00e9rieur, l'aquarium offre donc une exp\u00e9rience vraiment agr\u00e9able \u00e0 l'int\u00e9rieur.<\/p>\n\n\n\n<hr class=\"wp-block-separator has-alpha-channel-opacity\"\/>\n\n\n\n<h2 class=\"wp-block-heading\">Combien de temps dure la visite de l'oc\u00e9anarium de Lisbonne ?<\/h2>\n\n\n\n<p>Cela d\u00e9pend bien s\u00fbr enti\u00e8rement de la mani\u00e8re dont vous visitez l'oc\u00e9anarium. Si vous \u00eates seul, \u00e0 deux ou entre adultes, je vous recommande de pr\u00e9voir entre une heure et une heure et demie pour visiter l'ensemble de l'aquarium.<\/p>\n\n\n\n<p>Si vous venez avec des enfants, je vous conseille de pr\u00e9voir plut\u00f4t deux \u00e0 trois heures. Vous souhaitez certainement que vos enfants apprennent le plus possible pendant leur visite. Ils auront peut-\u00eatre besoin de plus de temps pour comprendre les explications et d\u00e9couvrir tous les diff\u00e9rents poissons de la mer.<\/p>\n\n\n<center><div data-tiqets-widget=\"availability\" data-layout=\"full\" data-orientation=\"horizontal\" data-product-id=\"975260\" data-language=\"en\" data-partner=\"lisbonfamily\"><\/div><script defer src=\"https:\/\/widgets.tiqets.com\/loader.js\"><\/script><\/center>\n\n\n<p>Veuillez bien s\u00fbr tenir compte de tous les facteurs possibles. Les enfants peuvent avoir besoin d'aller aux toilettes ou de faire une pause. Vous savez ce que c'est !<\/p>\n\n\n\n<p>L'heure indiqu\u00e9e ne comprend pas les temps d'attente, il est donc pr\u00e9f\u00e9rable de se procurer des billets en ligne afin de ne pas perdre un temps pr\u00e9cieux \u00e0 l'entr\u00e9e.<\/p>\n\n\n\n<p>De plus, le d\u00e9jeuner et le petit d\u00e9jeuner que vos enfants pourraient vouloir prendre, en fonction de la mani\u00e8re dont vous arrivez, ne sont pas compris !<\/p>\n\n\n\n<hr class=\"wp-block-separator has-alpha-channel-opacity\"\/>\n\n\n\n<h2 class=\"wp-block-heading\">L'aquarium de Lisbonne vaut-il la peine d'\u00eatre visit\u00e9 ?<\/h2>\n\n\n\n<p>Je dirais que dans 99 % des cas, cela vaut vraiment la peine de visiter l'aquarium. C'est une exp\u00e9rience formidable pour toute la famille. Cependant, n'oubliez pas que les enfants ne profiteront pleinement de cette exp\u00e9rience que s'ils sont repos\u00e9s, qu'ils n'ont pas faim et qu'ils sont pr\u00eats \u00e0 d\u00e9couvrir toutes ces choses en l'espace de 2 \u00e0 3 heures.<\/p>\n\n\n<div class=\"wp-block-image\">\n<figure class=\"aligncenter size-large\"><img loading=\"lazy\" decoding=\"async\" width=\"1024\" height=\"701\" src=\"https:\/\/lisbon-family.com\/wp-content\/uploads\/2025\/04\/lisbon12-3-1024x701.jpg\" alt=\"\" class=\"wp-image-4558\" srcset=\"https:\/\/lisbon-family.com\/wp-content\/uploads\/2025\/04\/lisbon12-3-1024x701.jpg 1024w, https:\/\/lisbon-family.com\/wp-content\/uploads\/2025\/04\/lisbon12-3-300x205.jpg 300w, https:\/\/lisbon-family.com\/wp-content\/uploads\/2025\/04\/lisbon12-3-768x526.jpg 768w, https:\/\/lisbon-family.com\/wp-content\/uploads\/2025\/04\/lisbon12-3.jpg 1280w\" sizes=\"(max-width: 1024px) 100vw, 1024px\" \/><\/figure>\n<\/div>\n\n\n<p>C'est pour cette raison que j'ai expliqu\u00e9 les points mentionn\u00e9s ci-dessus. Cela peut \u00eatre une tr\u00e8s bonne id\u00e9e de visiter l'oc\u00e9anarium quand il n'y a pas trop de monde. En haute saison, il peut \u00eatre tr\u00e8s fatigant de s'y rendre et il faut faire la queue longtemps devant le restaurant ou les toilettes.<\/p>\n\n\n\n<p><strong>Mais si vous \u00eates bien pr\u00e9par\u00e9s, je vous recommande vivement de visiter l'aquarium !<\/strong><\/p>\n\n\n\n<hr class=\"wp-block-separator has-alpha-channel-opacity\"\/>\n\n\n\n<h2 class=\"wp-block-heading\">Quels sont les horaires d'ouverture des magasins \u00e0 Lisbonne ?<\/h2>\n\n\n\n<p>Puisque nous y sommes, parlons \u00e9galement des horaires d'ouverture des supermarch\u00e9s et des magasins \u00e0 Lisbonne. C'est une question importante, car vous souhaiterez peut-\u00eatre combiner votre visite avec un d\u00e9tour par le supermarch\u00e9 ou le centre commercial si les enfants ont besoin de quelque chose de mani\u00e8re urgente.<\/p>\n\n\n\n<p>Nous ne sommes pas en Europe du Nord, o\u00f9 les magasins ferment t\u00f4t. En g\u00e9n\u00e9ral, les magasins et les supermarch\u00e9s sont ouverts jusqu'\u00e0 20 heures. Dans certains cas, vous trouverez des supermarch\u00e9s ouverts jusqu'\u00e0 22 heures. Cependant, il est recommand\u00e9 de v\u00e9rifier les horaires d'ouverture de chaque magasin ou supermarch\u00e9.<\/p>\n\n\n\n<p>La sieste typique que l'on trouve dans des pays comme l'Espagne n'est pas une pratique courante au Portugal. Certains magasins suivent toutefois cette tradition et ferment entre 14 et 16 heures. Il ne s'agit toutefois pas d'une r\u00e8gle g\u00e9n\u00e9rale, mais plut\u00f4t d'une exception.<\/p>\n\n\n\n<hr class=\"wp-block-separator has-alpha-channel-opacity\"\/>\n\n\n\n<h2 class=\"wp-block-heading\">Informations pratiques pour les visiteurs<\/h2>\n\n\n\n<p>Voici quelques informations pratiques pour les touristes qui visitent l'oc\u00e9anarium, sur les heures d'ouverture et la dur\u00e9e de la visite !<\/p>\n\n\n<center><div data-tiqets-widget=\"availability\" data-layout=\"full\" data-orientation=\"horizontal\" data-product-id=\"975260\" data-language=\"en\" data-partner=\"lisbonfamily\"><\/div><script defer src=\"https:\/\/widgets.tiqets.com\/loader.js\"><\/script><\/center>\n\n\n<p>Acheter des billets en ligne : cela a une influence consid\u00e9rable sur la dur\u00e9e moyenne de la visite.<\/p>\n\n\n\n<p>Apporter des chaussures confortables : Cela facilite consid\u00e9rablement l'ensemble de la visite. Ne sous-estimez pas la quantit\u00e9 de marche que les enfants devront faire pendant la visite de l'oc\u00e9anarium. Avec des chaussures confortables, il leur sera beaucoup plus facile de marcher. Ainsi, vous n'aurez pas mal \u00e0 la fin de la visite et vous pourrez profiter de l'oc\u00e9anarium de mani\u00e8re beaucoup plus d\u00e9tendue.<\/p>\n\n\n\n<p>Nourriture et boissons : comme mentionn\u00e9 pr\u00e9c\u00e9demment, l'Oc\u00e9anarium dispose de deux restaurants. Veuillez faire attention aux heures de pointe. \u00c0 ces heures-l\u00e0, les restaurants peuvent \u00eatre tr\u00e8s fr\u00e9quent\u00e9s.<\/p>\n\n\n\n<p>Organisation et s\u00e9curit\u00e9 : un point important. C'est un endroit o\u00f9 les enfants peuvent s'amuser et d\u00e9couvrir de nouvelles choses. Ils peuvent profiter de leur visite en toute d\u00e9contraction et se sentir parfaitement \u00e0 l'aise \u00e0 l'oc\u00e9anarium. Cependant, n'oubliez pas que l'oc\u00e9anarium est aussi un lieu public avec beaucoup d'autres visiteurs. Le respect et la bonne conduite sont toujours de mise. Il en va de m\u00eame pour l'organisation. Veuillez pr\u00e9parer vos billets en ligne afin de ne pas retarder la file d'attente. Veuillez vous habiller correctement et vous rendre dans les zones pr\u00e9vues \u00e0 cet effet si vous souhaitez faire une petite pause. Toute l'exp\u00e9rience est con\u00e7ue pour les enfants en termes de s\u00e9curit\u00e9. Il n'y a pas de quoi s'inqui\u00e9ter. Si vous respectez les r\u00e8gles de conduite, vous passerez un excellent s\u00e9jour.<\/p>","protected":false},"excerpt":{"rendered":"<p>In diesem Artikel befassen wir uns mit den \u00d6ffnungszeiten des Ozeanariums in Lissabon. Wie sind die \u00d6ffnungszeiten? Wann ist das Ozeanarium geschlossen? Ist es an Feiertagen ge\u00f6ffnet? Wann ist die beste Zeit f\u00fcr einen Besuch? Hier findet ihr alle Informationen. \u00d6ffnungszeiten Ozeanarium Lissabon Das Ozeanarium ist t\u00e4glich ge\u00f6ffnet. Es ist 365 Tage im Jahr ge\u00f6ffnet. [&hellip;]<\/p>\n","protected":false},"author":1,"featured_media":4560,"parent":0,"menu_order":0,"comment_status":"closed","ping_status":"closed","template":"","meta":{"saved_in_kubio":true,"_themeisle_gutenberg_block_has_review":false,"footnotes":""},"class_list":["post-4671","page","type-page","status-publish","has-post-thumbnail","hentry"],"kubio_ai_page_context":{"short_desc":"","purpose":"general"},"yoast_head":"<!-- This site is optimized with the Yoast SEO plugin v27.4 - https:\/\/yoast.com\/product\/yoast-seo-wordpress\/ -->\n<title>Ozeanarium in Lissabon - \u00d6ffnungszeiten<\/title>\n<meta name=\"description\" content=\"Wie sind die \u00d6ffnungszeiten? Wann ist das Ozeanarium geschlossen? Ist es an Feiertagen ge\u00f6ffnet? Wann ist die beste Zeit f\u00fcr einen Besuch?\" \/>\n<meta name=\"robots\" content=\"index, follow, max-snippet:-1, max-image-preview:large, max-video-preview:-1\" \/>\n<link rel=\"canonical\" href=\"https:\/\/lisbon-family.com\/fr\/horaires-douverture-de-loceanarium\/\" \/>\n<meta property=\"og:locale\" content=\"fr_FR\" \/>\n<meta property=\"og:type\" content=\"article\" \/>\n<meta property=\"og:title\" content=\"Ozeanarium in Lissabon - \u00d6ffnungszeiten\" \/>\n<meta property=\"og:description\" content=\"Wie sind die \u00d6ffnungszeiten? Wann ist das Ozeanarium geschlossen? Ist es an Feiertagen ge\u00f6ffnet? Wann ist die beste Zeit f\u00fcr einen Besuch?\" \/>\n<meta property=\"og:url\" content=\"https:\/\/lisbon-family.com\/fr\/horaires-douverture-de-loceanarium\/\" \/>\n<meta property=\"og:site_name\" content=\"Lisbon Family\" \/>\n<meta property=\"article:modified_time\" content=\"2025-05-21T12:09:05+00:00\" \/>\n<meta property=\"og:image\" content=\"https:\/\/lisbon-family.com\/wp-content\/uploads\/2025\/04\/lisbon14-3.jpg\" \/>\n\t<meta property=\"og:image:width\" content=\"1280\" \/>\n\t<meta property=\"og:image:height\" content=\"853\" \/>\n\t<meta property=\"og:image:type\" content=\"image\/jpeg\" \/>\n<meta name=\"twitter:card\" content=\"summary_large_image\" \/>\n<meta name=\"twitter:label1\" content=\"Dur\u00e9e de lecture estim\u00e9e\" \/>\n\t<meta name=\"twitter:data1\" content=\"9 minutes\" \/>\n<script type=\"application\/ld+json\" class=\"yoast-schema-graph\">{\"@context\":\"https:\\\/\\\/schema.org\",\"@graph\":[{\"@type\":\"WebPage\",\"@id\":\"https:\\\/\\\/lisbon-family.com\\\/ozeanarium-offnungszeiten\\\/\",\"url\":\"https:\\\/\\\/lisbon-family.com\\\/ozeanarium-offnungszeiten\\\/\",\"name\":\"Ozeanarium in Lissabon - \u00d6ffnungszeiten\",\"isPartOf\":{\"@id\":\"https:\\\/\\\/lisbon-family.com\\\/#website\"},\"primaryImageOfPage\":{\"@id\":\"https:\\\/\\\/lisbon-family.com\\\/ozeanarium-offnungszeiten\\\/#primaryimage\"},\"image\":{\"@id\":\"https:\\\/\\\/lisbon-family.com\\\/ozeanarium-offnungszeiten\\\/#primaryimage\"},\"thumbnailUrl\":\"https:\\\/\\\/lisbon-family.com\\\/wp-content\\\/uploads\\\/2025\\\/04\\\/lisbon14-3.jpg\",\"datePublished\":\"2025-05-09T11:30:19+00:00\",\"dateModified\":\"2025-05-21T12:09:05+00:00\",\"description\":\"Wie sind die \u00d6ffnungszeiten? Wann ist das Ozeanarium geschlossen? Ist es an Feiertagen ge\u00f6ffnet? Wann ist die beste Zeit f\u00fcr einen Besuch?\",\"breadcrumb\":{\"@id\":\"https:\\\/\\\/lisbon-family.com\\\/ozeanarium-offnungszeiten\\\/#breadcrumb\"},\"inLanguage\":\"fr-FR\",\"potentialAction\":[{\"@type\":\"ReadAction\",\"target\":[\"https:\\\/\\\/lisbon-family.com\\\/ozeanarium-offnungszeiten\\\/\"]}]},{\"@type\":\"ImageObject\",\"inLanguage\":\"fr-FR\",\"@id\":\"https:\\\/\\\/lisbon-family.com\\\/ozeanarium-offnungszeiten\\\/#primaryimage\",\"url\":\"https:\\\/\\\/lisbon-family.com\\\/wp-content\\\/uploads\\\/2025\\\/04\\\/lisbon14-3.jpg\",\"contentUrl\":\"https:\\\/\\\/lisbon-family.com\\\/wp-content\\\/uploads\\\/2025\\\/04\\\/lisbon14-3.jpg\",\"width\":1280,\"height\":853},{\"@type\":\"BreadcrumbList\",\"@id\":\"https:\\\/\\\/lisbon-family.com\\\/ozeanarium-offnungszeiten\\\/#breadcrumb\",\"itemListElement\":[{\"@type\":\"ListItem\",\"position\":1,\"name\":\"Home\",\"item\":\"https:\\\/\\\/lisbon-family.com\\\/\"},{\"@type\":\"ListItem\",\"position\":2,\"name\":\"Ozeanarium in Lissabon &#8211; \u00d6ffnungszeiten\"}]},{\"@type\":\"WebSite\",\"@id\":\"https:\\\/\\\/lisbon-family.com\\\/#website\",\"url\":\"https:\\\/\\\/lisbon-family.com\\\/\",\"name\":\"Lisbon Family\",\"description\":\"\",\"publisher\":{\"@id\":\"https:\\\/\\\/lisbon-family.com\\\/#organization\"},\"potentialAction\":[{\"@type\":\"SearchAction\",\"target\":{\"@type\":\"EntryPoint\",\"urlTemplate\":\"https:\\\/\\\/lisbon-family.com\\\/?s={search_term_string}\"},\"query-input\":{\"@type\":\"PropertyValueSpecification\",\"valueRequired\":true,\"valueName\":\"search_term_string\"}}],\"inLanguage\":\"fr-FR\"},{\"@type\":\"Organization\",\"@id\":\"https:\\\/\\\/lisbon-family.com\\\/#organization\",\"name\":\"Lisbon Family\",\"url\":\"https:\\\/\\\/lisbon-family.com\\\/\",\"logo\":{\"@type\":\"ImageObject\",\"inLanguage\":\"fr-FR\",\"@id\":\"https:\\\/\\\/lisbon-family.com\\\/#\\\/schema\\\/logo\\\/image\\\/\",\"url\":\"https:\\\/\\\/lisbon-family.com\\\/wp-content\\\/uploads\\\/2025\\\/05\\\/lisbon-family-final16-scaled.png\",\"contentUrl\":\"https:\\\/\\\/lisbon-family.com\\\/wp-content\\\/uploads\\\/2025\\\/05\\\/lisbon-family-final16-scaled.png\",\"width\":2560,\"height\":853,\"caption\":\"Lisbon Family\"},\"image\":{\"@id\":\"https:\\\/\\\/lisbon-family.com\\\/#\\\/schema\\\/logo\\\/image\\\/\"}}]}<\/script>\n<!-- \/ Yoast SEO plugin. -->","yoast_head_json":{"title":"Oc\u00e9anarium de Lisbonne - Horaires d'ouverture","description":"Quelles sont les heures d'ouverture ? Quand l'oc\u00e9anarium est-il ferm\u00e9 ? Est-il ouvert les jours f\u00e9ri\u00e9s ? Quelle est la meilleure p\u00e9riode pour une visite ?","robots":{"index":"index","follow":"follow","max-snippet":"max-snippet:-1","max-image-preview":"max-image-preview:large","max-video-preview":"max-video-preview:-1"},"canonical":"https:\/\/lisbon-family.com\/fr\/horaires-douverture-de-loceanarium\/","og_locale":"fr_FR","og_type":"article","og_title":"Ozeanarium in Lissabon - \u00d6ffnungszeiten","og_description":"Wie sind die \u00d6ffnungszeiten? Wann ist das Ozeanarium geschlossen? Ist es an Feiertagen ge\u00f6ffnet? Wann ist die beste Zeit f\u00fcr einen Besuch?","og_url":"https:\/\/lisbon-family.com\/fr\/horaires-douverture-de-loceanarium\/","og_site_name":"Lisbon Family","article_modified_time":"2025-05-21T12:09:05+00:00","og_image":[{"width":1280,"height":853,"url":"https:\/\/lisbon-family.com\/wp-content\/uploads\/2025\/04\/lisbon14-3.jpg","type":"image\/jpeg"}],"twitter_card":"summary_large_image","twitter_misc":{"Dur\u00e9e de lecture estim\u00e9e":"9 minutes"},"schema":{"@context":"https:\/\/schema.org","@graph":[{"@type":"WebPage","@id":"https:\/\/lisbon-family.com\/ozeanarium-offnungszeiten\/","url":"https:\/\/lisbon-family.com\/ozeanarium-offnungszeiten\/","name":"Oc\u00e9anarium de Lisbonne - Horaires d'ouverture","isPartOf":{"@id":"https:\/\/lisbon-family.com\/#website"},"primaryImageOfPage":{"@id":"https:\/\/lisbon-family.com\/ozeanarium-offnungszeiten\/#primaryimage"},"image":{"@id":"https:\/\/lisbon-family.com\/ozeanarium-offnungszeiten\/#primaryimage"},"thumbnailUrl":"https:\/\/lisbon-family.com\/wp-content\/uploads\/2025\/04\/lisbon14-3.jpg","datePublished":"2025-05-09T11:30:19+00:00","dateModified":"2025-05-21T12:09:05+00:00","description":"Quelles sont les heures d'ouverture ? Quand l'oc\u00e9anarium est-il ferm\u00e9 ? Est-il ouvert les jours f\u00e9ri\u00e9s ? Quelle est la meilleure p\u00e9riode pour une visite ?","breadcrumb":{"@id":"https:\/\/lisbon-family.com\/ozeanarium-offnungszeiten\/#breadcrumb"},"inLanguage":"fr-FR","potentialAction":[{"@type":"ReadAction","target":["https:\/\/lisbon-family.com\/ozeanarium-offnungszeiten\/"]}]},{"@type":"ImageObject","inLanguage":"fr-FR","@id":"https:\/\/lisbon-family.com\/ozeanarium-offnungszeiten\/#primaryimage","url":"https:\/\/lisbon-family.com\/wp-content\/uploads\/2025\/04\/lisbon14-3.jpg","contentUrl":"https:\/\/lisbon-family.com\/wp-content\/uploads\/2025\/04\/lisbon14-3.jpg","width":1280,"height":853},{"@type":"BreadcrumbList","@id":"https:\/\/lisbon-family.com\/ozeanarium-offnungszeiten\/#breadcrumb","itemListElement":[{"@type":"ListItem","position":1,"name":"Home","item":"https:\/\/lisbon-family.com\/"},{"@type":"ListItem","position":2,"name":"Ozeanarium in Lissabon &#8211; \u00d6ffnungszeiten"}]},{"@type":"WebSite","@id":"https:\/\/lisbon-family.com\/#website","url":"https:\/\/lisbon-family.com\/","name":"Lisbon Family","description":"","publisher":{"@id":"https:\/\/lisbon-family.com\/#organization"},"potentialAction":[{"@type":"SearchAction","target":{"@type":"EntryPoint","urlTemplate":"https:\/\/lisbon-family.com\/?s={search_term_string}"},"query-input":{"@type":"PropertyValueSpecification","valueRequired":true,"valueName":"search_term_string"}}],"inLanguage":"fr-FR"},{"@type":"Organization","@id":"https:\/\/lisbon-family.com\/#organization","name":"Lisbon Family","url":"https:\/\/lisbon-family.com\/","logo":{"@type":"ImageObject","inLanguage":"fr-FR","@id":"https:\/\/lisbon-family.com\/#\/schema\/logo\/image\/","url":"https:\/\/lisbon-family.com\/wp-content\/uploads\/2025\/05\/lisbon-family-final16-scaled.png","contentUrl":"https:\/\/lisbon-family.com\/wp-content\/uploads\/2025\/05\/lisbon-family-final16-scaled.png","width":2560,"height":853,"caption":"Lisbon Family"},"image":{"@id":"https:\/\/lisbon-family.com\/#\/schema\/logo\/image\/"}}]}},"_links":{"self":[{"href":"https:\/\/lisbon-family.com\/fr\/wp-json\/wp\/v2\/pages\/4671","targetHints":{"allow":["GET"]}}],"collection":[{"href":"https:\/\/lisbon-family.com\/fr\/wp-json\/wp\/v2\/pages"}],"about":[{"href":"https:\/\/lisbon-family.com\/fr\/wp-json\/wp\/v2\/types\/page"}],"author":[{"embeddable":true,"href":"https:\/\/lisbon-family.com\/fr\/wp-json\/wp\/v2\/users\/1"}],"replies":[{"embeddable":true,"href":"https:\/\/lisbon-family.com\/fr\/wp-json\/wp\/v2\/comments?post=4671"}],"version-history":[{"count":11,"href":"https:\/\/lisbon-family.com\/fr\/wp-json\/wp\/v2\/pages\/4671\/revisions"}],"predecessor-version":[{"id":4740,"href":"https:\/\/lisbon-family.com\/fr\/wp-json\/wp\/v2\/pages\/4671\/revisions\/4740"}],"wp:featuredmedia":[{"embeddable":true,"href":"https:\/\/lisbon-family.com\/fr\/wp-json\/wp\/v2\/media\/4560"}],"wp:attachment":[{"href":"https:\/\/lisbon-family.com\/fr\/wp-json\/wp\/v2\/media?parent=4671"}],"curies":[{"name":"wp","href":"https:\/\/api.w.org\/{rel}","templated":true}]}}