{"id":4502,"date":"2025-04-23T09:35:14","date_gmt":"2025-04-23T09:35:14","guid":{"rendered":"https:\/\/lisbon-family.com\/?page_id=4502"},"modified":"2025-07-21T17:46:50","modified_gmt":"2025-07-21T17:46:50","slug":"avtrykk","status":"publish","type":"page","link":"https:\/\/lisbon-family.com\/nb\/impressum\/","title":{"rendered":"Avtrykk"},"content":{"rendered":"<h1 class=\"wp-block-heading\">Avtrykk<\/h1>\n\n\n\n<p>Informasjon i henhold til \u00a7 5 DDG<\/p>\n\n\n\n<p>Marc Kugge<br>Marc Kugge<br>Carrer Nou de San Francesc 32<br>08002 Barcelona<br><\/p>\n\n\n\n<p><strong>Representert av:<\/strong><br>Marc Kugge<br><\/p>\n\n\n\n<p><strong>Kontakt:<\/strong><br>e-post: <a href=\"mailto:marckugge@gmail.com\">marckugge@gmail.com<\/a><\/p>\n\n\n\n<p><strong>Salgsskatt-ID:<\/strong><br>Identifikasjonsnummer for merverdiavgift i henhold til \u00a727a i merverdiavgiftsloven: ESY4781919A<br><br><strong>Forretnings-ID:<\/strong><br><br><\/p>\n\n\n\n<p><strong>Ansvarlig for innholdet i henhold til \u00a7 18 Abs. 2 MStV:<\/strong><br>Marc Kugge<br>Carrer Nou de San Francesc 32<br>08002 Barcelona<\/p>\n\n\n\n<p><strong>Ansvarsfraskrivelse:<\/strong><br><br><strong>Ansvar for innhold<\/strong><br><br>Innholdet p\u00e5 nettstedet v\u00e5rt er utarbeidet med den st\u00f8rste omhu. Vi kan imidlertid ikke p\u00e5ta oss noe ansvar for innholdets n\u00f8yaktighet, fullstendighet og aktualitet. Som tjenesteleverand\u00f8r er vi ansvarlige for v\u00e5rt eget innhold p\u00e5 disse sidene i henhold til \u00a7 7 (1) DDG og generell lovgivning. I henhold til \u00a7\u00a7 8 til 10 i DDG er vi som tjenesteleverand\u00f8r imidlertid ikke forpliktet til \u00e5 overv\u00e5ke overf\u00f8rt eller lagret tredjepartsinformasjon eller til \u00e5 unders\u00f8ke omstendigheter som tyder p\u00e5 ulovlig aktivitet. Forpliktelser til \u00e5 fjerne eller blokkere bruken av informasjon i samsvar med generell lovgivning forblir up\u00e5virket av dette. Ansvar i denne forbindelse er imidlertid bare mulig fra det tidspunktet vi f\u00e5r kjennskap til en konkret overtredelse. S\u00e5 snart vi blir oppmerksomme p\u00e5 slike overtredelser, vil vi fjerne dette innholdet umiddelbart.<br><br><strong>Ansvar for lenker<\/strong><br><br>Nettstedet v\u00e5rt inneholder lenker til eksterne tredjeparts nettsteder som vi ikke har noen innflytelse over innholdet p\u00e5. Derfor kan vi ikke p\u00e5ta oss noe ansvar for dette tredjepartsinnholdet. Det er alltid den respektive leverand\u00f8ren eller operat\u00f8ren av sidene som er ansvarlig for innholdet p\u00e5 de lenkede sidene. De lenkede sidene ble kontrollert for mulige lovbrudd p\u00e5 tidspunktet for lenkingen. Ulovlig innhold var ikke gjenkjennelig p\u00e5 tidspunktet for lenkingen. Det er imidlertid ikke rimelig \u00e5 overv\u00e5ke innholdet p\u00e5 de lenkede sidene permanent uten at det foreligger konkrete bevis p\u00e5 lovbrudd. Hvis vi blir oppmerksomme p\u00e5 eventuelle lovbrudd, vil vi fjerne slike lenker umiddelbart.<br><br><strong>Opphavsrett<\/strong><br><br>Innholdet og verkene som er skapt av nettstedets operat\u00f8rer p\u00e5 disse sidene, er underlagt tysk lov om opphavsrett. Kopiering, bearbeiding, distribusjon og enhver form for bruk utenfor opphavsrettslovens grenser krever skriftlig samtykke fra den respektive forfatteren eller opphavsmannen. Nedlasting og kopiering av dette nettstedet er kun tillatt for privat, ikke-kommersiell bruk. I den grad innholdet p\u00e5 dette nettstedet ikke er opprettet av operat\u00f8ren, respekteres opphavsrettighetene til tredjeparter. Spesielt innhold fra tredjeparter er merket som s\u00e5dan. Skulle du likevel bli oppmerksom p\u00e5 brudd p\u00e5 opphavsretten, ber vi deg informere oss om dette. Hvis vi blir oppmerksomme p\u00e5 brudd p\u00e5 opphavsretten, vil vi fjerne slikt innhold umiddelbart.<br><br><strong>Beskyttelse av personopplysninger<\/strong><br><br>Bruk av nettstedet v\u00e5rt er generelt mulig uten \u00e5 oppgi personopplysninger. I den grad personopplysninger (f.eks. navn, adresse eller e-postadresser) samles inn p\u00e5 nettstedet v\u00e5rt, skjer dette alltid p\u00e5 frivillig basis s\u00e5 langt det er mulig. Disse opplysningene vil ikke bli gitt videre til tredjeparter uten ditt uttrykkelige samtykke.<br>Vi gj\u00f8r oppmerksom p\u00e5 at dataoverf\u00f8ring via Internett (f.eks. ved kommunikasjon via e-post) kan v\u00e6re utsatt for sikkerhetshull. Fullstendig beskyttelse av data mot tilgang fra tredjeparter er ikke mulig.<br>Vi forbyr herved uttrykkelig at tredjeparter bruker kontaktdata som er publisert innenfor rammen av avtrykksplikten, til \u00e5 sende uoppfordret reklame- og informasjonsmateriale. Operat\u00f8rene av dette nettstedet forbeholder seg uttrykkelig retten til \u00e5 ta rettslige skritt i tilfelle uoppfordret utsendelse av reklameinformasjon, for eksempel spam-e-post.<br><br><br><strong>Google Analytics<\/strong><br><br>Dette nettstedet bruker Google Analytics, en webanalysetjeneste levert av Google Inc (\"Google\"). Google Analytics bruker \"informasjonskapsler\", som er tekstfiler som plasseres p\u00e5 datamaskinen din, for \u00e5 hjelpe nettstedet med \u00e5 analysere hvordan brukerne bruker nettstedet. Informasjonen som genereres av informasjonskapselen om din bruk av nettstedet (inkludert din IP-adresse), vil bli overf\u00f8rt til og lagret av Google p\u00e5 servere i USA. Google vil bruke denne informasjonen til \u00e5 analysere din bruk av nettstedet, utarbeide rapporter om nettstedsaktivitet for nettstedsoperat\u00f8rer og tilby andre tjenester knyttet til nettstedsaktivitet og internettbruk. Google kan ogs\u00e5 overf\u00f8re denne informasjonen til tredjeparter der dette er lovp\u00e5lagt, eller der slike tredjeparter behandler informasjonen p\u00e5 vegne av Google. Google vil ikke knytte IP-adressen din til andre data som Google har. Du kan nekte bruk av informasjonskapsler ved \u00e5 velge de riktige innstillingene i nettleseren din, men v\u00e6r oppmerksom p\u00e5 at hvis du gj\u00f8r dette, kan det hende at du ikke kan bruke alle funksjonene p\u00e5 dette nettstedet fullt ut. Ved \u00e5 bruke dette nettstedet samtykker du i at Google behandler opplysninger om deg p\u00e5 den m\u00e5ten og til de form\u00e5lene som er beskrevet ovenfor.<br><br><strong>Google AdSense<\/strong><br><br>Dette nettstedet bruker Google Adsense, en nettannonseringstjeneste fra Google Inc, USA (\"Google\"). Google Adsense bruker s\u00e5kalte \"cookies\" (tekstfiler), som lagres p\u00e5 datamaskinen din og gj\u00f8r det mulig \u00e5 analysere din bruk av nettstedet. Google Adsense bruker ogs\u00e5 s\u00e5kalte \"web beacons\" (sm\u00e5 usynlige grafiske elementer) for \u00e5 samle inn informasjon. Ved hjelp av web beacon kan enkle handlinger som bes\u00f8kstrafikk p\u00e5 nettstedet registreres og samles inn. Informasjonen som genereres av informasjonskapselen og\/eller websignalet om din bruk av nettstedet (inkludert din IP-adresse) vil bli overf\u00f8rt til og lagret av Google p\u00e5 servere i USA. Google vil bruke denne informasjonen til \u00e5 analysere din bruk av nettstedet med hensyn til annonsene, til \u00e5 utarbeide rapporter om nettstedets aktiviteter og annonser for nettstedets operat\u00f8rer og til \u00e5 tilby ytterligere tjenester knyttet til bruken av nettstedet og Internett. Google kan ogs\u00e5 overf\u00f8re denne informasjonen til tredjeparter der dette er lovp\u00e5lagt, eller der slike tredjeparter behandler informasjonen p\u00e5 vegne av Google. Google vil ikke knytte IP-adressen din til andre data som Google har. Du kan forhindre lagring av informasjonskapsler p\u00e5 harddisken din og visning av websignaler ved \u00e5 velge \"Ikke godta informasjonskapsler\" i nettleserinnstillingene (i MS Internet Explorer under \"Verkt\u00f8y &gt; Alternativer for Internett &gt; Personvern &gt; Innstillinger\"; i Firefox under \"Verkt\u00f8y &gt; Innstillinger &gt; Personvern &gt; Informasjonskapsler\"), men vi gj\u00f8r oppmerksom p\u00e5 at du i s\u00e5 fall kanskje ikke vil kunne bruke alle funksjonene p\u00e5 dette nettstedet fullt ut. Ved \u00e5 bruke dette nettstedet samtykker du i at Google behandler opplysninger om deg p\u00e5 den m\u00e5ten og til de form\u00e5lene som er beskrevet ovenfor.<\/p>\n\n\n\n<p><br><br>Avtrykk fra <a href=\"https:\/\/impressum-generator.de\">Imprint-Generator.de<\/a>. Drevet av <a href=\"https:\/\/www.kanzlei-hasselbach.de\/\">Franziska Hasselbach, Bonn<\/a>.<\/p>","protected":false},"excerpt":{"rendered":"<p>Impressum Angaben gem\u00e4\u00df \u00a7 5 DDG Marc KuggeMarc KuggeCarrer Nou de San Francesc 3208002 Barcelona Vertreten durch:Marc Kugge Kontakt:E-Mail: marckugge@gmail.com Umsatzsteuer-ID:Umsatzsteuer-Identifikationsnummer gem\u00e4\u00df \u00a727a Umsatzsteuergesetz: ESY4781919A Wirtschafts-ID: Verantwortlich f\u00fcr den Inhalt nach \u00a7 18 Abs. 2 MStV:Marc KuggeCarrer Nou de San Francesc 3208002 Barcelona Haftungsausschluss: Haftung f\u00fcr Inhalte Die Inhalte unserer Seiten wurden mit gr\u00f6\u00dfter Sorgfalt [&hellip;]<\/p>\n","protected":false},"author":1,"featured_media":0,"parent":0,"menu_order":0,"comment_status":"closed","ping_status":"closed","template":"","meta":{"saved_in_kubio":false,"_themeisle_gutenberg_block_has_review":false,"footnotes":""},"class_list":["post-4502","page","type-page","status-publish","hentry"],"kubio_ai_page_context":{"short_desc":"","purpose":"general"},"yoast_head":"<!-- This site is optimized with the Yoast SEO plugin v27.4 - https:\/\/yoast.com\/product\/yoast-seo-wordpress\/ -->\n<title>Impressum - Lisbon Family<\/title>\n<meta name=\"robots\" content=\"noindex, follow\" \/>\n<meta property=\"og:locale\" content=\"nb_NO\" \/>\n<meta property=\"og:type\" content=\"article\" \/>\n<meta property=\"og:title\" content=\"Impressum - Lisbon Family\" \/>\n<meta property=\"og:description\" content=\"Impressum Angaben gem\u00e4\u00df \u00a7 5 DDG Marc KuggeMarc KuggeCarrer Nou de San Francesc 3208002 Barcelona Vertreten durch:Marc Kugge Kontakt:E-Mail: marckugge@gmail.com Umsatzsteuer-ID:Umsatzsteuer-Identifikationsnummer gem\u00e4\u00df \u00a727a Umsatzsteuergesetz: ESY4781919A Wirtschafts-ID: Verantwortlich f\u00fcr den Inhalt nach \u00a7 18 Abs. 2 MStV:Marc KuggeCarrer Nou de San Francesc 3208002 Barcelona Haftungsausschluss: Haftung f\u00fcr Inhalte Die Inhalte unserer Seiten wurden mit gr\u00f6\u00dfter Sorgfalt [&hellip;]\" \/>\n<meta property=\"og:url\" content=\"https:\/\/lisbon-family.com\/nb\/avtrykk\/\" \/>\n<meta property=\"og:site_name\" content=\"Lisbon Family\" \/>\n<meta property=\"article:modified_time\" content=\"2025-07-21T17:46:50+00:00\" \/>\n<meta name=\"twitter:card\" content=\"summary_large_image\" \/>\n<meta name=\"twitter:label1\" content=\"Ansl. lesetid\" \/>\n\t<meta name=\"twitter:data1\" content=\"6 minutter\" \/>\n<script type=\"application\/ld+json\" class=\"yoast-schema-graph\">{\"@context\":\"https:\\\/\\\/schema.org\",\"@graph\":[{\"@type\":\"WebPage\",\"@id\":\"https:\\\/\\\/lisbon-family.com\\\/impressum\\\/\",\"url\":\"https:\\\/\\\/lisbon-family.com\\\/impressum\\\/\",\"name\":\"Impressum - Lisbon Family\",\"isPartOf\":{\"@id\":\"https:\\\/\\\/lisbon-family.com\\\/#website\"},\"datePublished\":\"2025-04-23T09:35:14+00:00\",\"dateModified\":\"2025-07-21T17:46:50+00:00\",\"breadcrumb\":{\"@id\":\"https:\\\/\\\/lisbon-family.com\\\/impressum\\\/#breadcrumb\"},\"inLanguage\":\"nb-NO\",\"potentialAction\":[{\"@type\":\"ReadAction\",\"target\":[\"https:\\\/\\\/lisbon-family.com\\\/impressum\\\/\"]}]},{\"@type\":\"BreadcrumbList\",\"@id\":\"https:\\\/\\\/lisbon-family.com\\\/impressum\\\/#breadcrumb\",\"itemListElement\":[{\"@type\":\"ListItem\",\"position\":1,\"name\":\"Home\",\"item\":\"https:\\\/\\\/lisbon-family.com\\\/\"},{\"@type\":\"ListItem\",\"position\":2,\"name\":\"Impressum\"}]},{\"@type\":\"WebSite\",\"@id\":\"https:\\\/\\\/lisbon-family.com\\\/#website\",\"url\":\"https:\\\/\\\/lisbon-family.com\\\/\",\"name\":\"Lisbon Family\",\"description\":\"\",\"publisher\":{\"@id\":\"https:\\\/\\\/lisbon-family.com\\\/#organization\"},\"potentialAction\":[{\"@type\":\"SearchAction\",\"target\":{\"@type\":\"EntryPoint\",\"urlTemplate\":\"https:\\\/\\\/lisbon-family.com\\\/?s={search_term_string}\"},\"query-input\":{\"@type\":\"PropertyValueSpecification\",\"valueRequired\":true,\"valueName\":\"search_term_string\"}}],\"inLanguage\":\"nb-NO\"},{\"@type\":\"Organization\",\"@id\":\"https:\\\/\\\/lisbon-family.com\\\/#organization\",\"name\":\"Lisbon Family\",\"url\":\"https:\\\/\\\/lisbon-family.com\\\/\",\"logo\":{\"@type\":\"ImageObject\",\"inLanguage\":\"nb-NO\",\"@id\":\"https:\\\/\\\/lisbon-family.com\\\/#\\\/schema\\\/logo\\\/image\\\/\",\"url\":\"https:\\\/\\\/lisbon-family.com\\\/wp-content\\\/uploads\\\/2025\\\/05\\\/lisbon-family-final16-scaled.png\",\"contentUrl\":\"https:\\\/\\\/lisbon-family.com\\\/wp-content\\\/uploads\\\/2025\\\/05\\\/lisbon-family-final16-scaled.png\",\"width\":2560,\"height\":853,\"caption\":\"Lisbon Family\"},\"image\":{\"@id\":\"https:\\\/\\\/lisbon-family.com\\\/#\\\/schema\\\/logo\\\/image\\\/\"}}]}<\/script>\n<!-- \/ Yoast SEO plugin. -->","yoast_head_json":{"title":"Imprint - Lisbon Family","robots":{"index":"noindex","follow":"follow"},"og_locale":"nb_NO","og_type":"article","og_title":"Impressum - Lisbon Family","og_description":"Impressum Angaben gem\u00e4\u00df \u00a7 5 DDG Marc KuggeMarc KuggeCarrer Nou de San Francesc 3208002 Barcelona Vertreten durch:Marc Kugge Kontakt:E-Mail: marckugge@gmail.com Umsatzsteuer-ID:Umsatzsteuer-Identifikationsnummer gem\u00e4\u00df \u00a727a Umsatzsteuergesetz: ESY4781919A Wirtschafts-ID: Verantwortlich f\u00fcr den Inhalt nach \u00a7 18 Abs. 2 MStV:Marc KuggeCarrer Nou de San Francesc 3208002 Barcelona Haftungsausschluss: Haftung f\u00fcr Inhalte Die Inhalte unserer Seiten wurden mit gr\u00f6\u00dfter Sorgfalt [&hellip;]","og_url":"https:\/\/lisbon-family.com\/nb\/avtrykk\/","og_site_name":"Lisbon Family","article_modified_time":"2025-07-21T17:46:50+00:00","twitter_card":"summary_large_image","twitter_misc":{"Ansl. lesetid":"6 minutter"},"schema":{"@context":"https:\/\/schema.org","@graph":[{"@type":"WebPage","@id":"https:\/\/lisbon-family.com\/impressum\/","url":"https:\/\/lisbon-family.com\/impressum\/","name":"Imprint - Lisbon Family","isPartOf":{"@id":"https:\/\/lisbon-family.com\/#website"},"datePublished":"2025-04-23T09:35:14+00:00","dateModified":"2025-07-21T17:46:50+00:00","breadcrumb":{"@id":"https:\/\/lisbon-family.com\/impressum\/#breadcrumb"},"inLanguage":"nb-NO","potentialAction":[{"@type":"ReadAction","target":["https:\/\/lisbon-family.com\/impressum\/"]}]},{"@type":"BreadcrumbList","@id":"https:\/\/lisbon-family.com\/impressum\/#breadcrumb","itemListElement":[{"@type":"ListItem","position":1,"name":"Home","item":"https:\/\/lisbon-family.com\/"},{"@type":"ListItem","position":2,"name":"Impressum"}]},{"@type":"WebSite","@id":"https:\/\/lisbon-family.com\/#website","url":"https:\/\/lisbon-family.com\/","name":"Familien Lisboa","description":"","publisher":{"@id":"https:\/\/lisbon-family.com\/#organization"},"potentialAction":[{"@type":"SearchAction","target":{"@type":"EntryPoint","urlTemplate":"https:\/\/lisbon-family.com\/?s={search_term_string}"},"query-input":{"@type":"PropertyValueSpecification","valueRequired":true,"valueName":"search_term_string"}}],"inLanguage":"nb-NO"},{"@type":"Organization","@id":"https:\/\/lisbon-family.com\/#organization","name":"Familien Lisboa","url":"https:\/\/lisbon-family.com\/","logo":{"@type":"ImageObject","inLanguage":"nb-NO","@id":"https:\/\/lisbon-family.com\/#\/schema\/logo\/image\/","url":"https:\/\/lisbon-family.com\/wp-content\/uploads\/2025\/05\/lisbon-family-final16-scaled.png","contentUrl":"https:\/\/lisbon-family.com\/wp-content\/uploads\/2025\/05\/lisbon-family-final16-scaled.png","width":2560,"height":853,"caption":"Lisbon Family"},"image":{"@id":"https:\/\/lisbon-family.com\/#\/schema\/logo\/image\/"}}]}},"_links":{"self":[{"href":"https:\/\/lisbon-family.com\/nb\/wp-json\/wp\/v2\/pages\/4502","targetHints":{"allow":["GET"]}}],"collection":[{"href":"https:\/\/lisbon-family.com\/nb\/wp-json\/wp\/v2\/pages"}],"about":[{"href":"https:\/\/lisbon-family.com\/nb\/wp-json\/wp\/v2\/types\/page"}],"author":[{"embeddable":true,"href":"https:\/\/lisbon-family.com\/nb\/wp-json\/wp\/v2\/users\/1"}],"replies":[{"embeddable":true,"href":"https:\/\/lisbon-family.com\/nb\/wp-json\/wp\/v2\/comments?post=4502"}],"version-history":[{"count":2,"href":"https:\/\/lisbon-family.com\/nb\/wp-json\/wp\/v2\/pages\/4502\/revisions"}],"predecessor-version":[{"id":4805,"href":"https:\/\/lisbon-family.com\/nb\/wp-json\/wp\/v2\/pages\/4502\/revisions\/4805"}],"wp:attachment":[{"href":"https:\/\/lisbon-family.com\/nb\/wp-json\/wp\/v2\/media?parent=4502"}],"curies":[{"name":"wp","href":"https:\/\/api.w.org\/{rel}","templated":true}]}}